{"id":1584,"date":"2017-01-12T19:55:53","date_gmt":"2017-01-12T19:55:53","guid":{"rendered":"http:\/\/wedding-planner.freevision.me\/?page_id=8"},"modified":"2026-02-11T16:51:04","modified_gmt":"2026-02-11T22:51:04","slug":"01-ultra-wedding","status":"publish","type":"page","link":"https:\/\/monserratguerrero.com\/es\/","title":{"rendered":"Wedding Planner"},"content":{"rendered":"<div class=\"wpb-content-wrapper\"><p>[vc_row][vc_column]\n\t\t\t<!-- START Espa\u00f1ol REVOLUTION SLIDER 6.6.10 --><p class=\"rs-p-wp-fix\"><\/p>\n\t\t\t<rs-module-wrap id=\"rev_slider_9_1_wrapper\" data-source=\"gallery\" style=\"visibility:hidden;background:#000000;padding:0;margin:0px auto;margin-top:0;margin-bottom:0;\">\n\t\t\t\t<rs-module id=\"rev_slider_9_1\" style=\"\" data-version=\"6.6.10\">\n\t\t\t\t\t<rs-slides style=\"overflow: hidden; position: absolute;\">\n\t\t\t\t\t\t<rs-slide style=\"position: absolute;\" data-key=\"rs-24\" data-title=\"Slide\" data-in=\"o:0;\" data-out=\"a:false;\">\n\t\t\t\t\t\t\t<img decoding=\"async\" src=\"\/\/monserratguerrero.com\/wp-content\/plugins\/revslider\/public\/assets\/assets\/dummy.png\" alt=\"\" title=\"Menor-calidad-primer-semestre_21.jpeg\" width=\"876\" height=\"480\" class=\"rev-slidebg tp-rs-img rs-lazyload\" data-lazyload=\"\/\/monserratguerrero.com\/wp-content\/uploads\/revslider\/video-media\/Menor-calidad-primer-semestre_21.jpeg\" data-no-retina>\n\t\t\t\t\t\t\t<rs-bgvideo \n\t\t\t\t\t\t\t\tdata-video=\"w:100%;h:100%;nse:false;l:true;ptimer:false;vfc:true;\"\n\t\t\t\t\t\t\t><\/rs-bgvideo>\n<!--\n\t\t\t\t\t\t\t--><rs-layer\n\t\t\t\t\t\t\t\tid=\"slider-9-slide-24-layer-0\" \n\t\t\t\t\t\t\t\tclass=\"rs-layer-video intrinsic-ignore\"\n\t\t\t\t\t\t\t\tdata-type=\"video\"\n\t\t\t\t\t\t\t\tdata-rsp_ch=\"on\"\n\t\t\t\t\t\t\t\tdata-xy=\"x:c;\"\n\t\t\t\t\t\t\t\tdata-text=\"w:normal;s:20,16,12,7;l:0,20,15,9;\"\n\t\t\t\t\t\t\t\tdata-dim=\"w:1742px,1438px,1092px,673px;h:980px,809px,614px,100%;\"\n\t\t\t\t\t\t\t\tdata-actions='o:mouseenter;a:playvideo;layer:slider-9-slide-24-layer-0;'\n\t\t\t\t\t\t\t\tdata-video=\"vfc:true;twa:false;vd:100;l:false;ptimer:false;\"\n\t\t\t\t\t\t\t\tdata-poster=\"\/\/monserratguerrero.com\/wp-content\/uploads\/revslider\/video-media\/Menor-calidad-primer-semestre_21_layer.jpeg\"\n\t\t\t\t\t\t\t\tdata-mp4=\"\/\/monserratguerrero.com\/wp-content\/uploads\/2026\/02\/Menor-calidad-primer-semestre.mp4\"\n\t\t\t\t\t\t\t\tdata-frame_999=\"o:0;st:w;\"\n\t\t\t\t\t\t\t\tstyle=\"z-index:5;\"\n\t\t\t\t\t\t\t>\n\t\t\t\t\t\t\t<\/rs-layer><!--\n-->\t\t\t\t\t\t<\/rs-slide>\n\t\t\t\t\t<\/rs-slides>\n\t\t\t\t<\/rs-module>\n\t\t\t\t<script>\n\t\t\t\t\tsetREVStartSize({c: 'rev_slider_9_1',rl:[1240,1024,778,480],el:[890,768,960,720],gw:[1240,1024,778,480],gh:[890,768,960,720],type:'standard',justify:'',layout:'fullwidth',mh:\"0\"});if (window.RS_MODULES!==undefined && window.RS_MODULES.modules!==undefined && window.RS_MODULES.modules[\"revslider91\"]!==undefined) {window.RS_MODULES.modules[\"revslider91\"].once = false;window.revapi9 = undefined;if (window.RS_MODULES.checkMinimal!==undefined) window.RS_MODULES.checkMinimal()}\n\t\t\t\t<\/script>\n\t\t\t<\/rs-module-wrap>\n\t\t\t<!-- END REVOLUTION SLIDER -->\n[\/vc_column][\/vc_row][vc_row][vc_column][vc_empty_space][vc_column_text css=\u00bb\u00bb]<\/p>\n<p style=\"text-align: center;\"><em>Volver\u00eda a elegirte a ti, una y mil veces, en cada vida, en cada mundo, en cada destino imaginable.<\/em><\/p>\n<p>[\/vc_column_text][\/vc_column][\/vc_row][vc_row full_width=\u00bbstretch_row_content_no_spaces\u00bb css=\u00bb.vc_custom_1682375932745{margin-top: 0px !important;margin-right: 0px !important;margin-bottom: 0px !important;margin-left: 0px !important;padding-top: 0px !important;padding-right: 0px !important;padding-bottom: 0px !important;padding-left: 0px !important;background-color: #ffffff !important;}\u00bb][vc_column parallax=\u00bbcontent-moving-fade\u00bb width=\u00bb1\/3&#8243;][vc_single_image image=\u00bb2721&#8243; img_size=\u00bb500X800&#8243; alignment=\u00bbcenter\u00bb css=\u00bb.vc_custom_1729129697339{padding-right: 10px !important;padding-left: 10px !important;}\u00bb][\/vc_column][vc_column width=\u00bb1\/3&#8243;][vc_single_image image=\u00bb2737&#8243; img_size=\u00bb500X800&#8243; alignment=\u00bbcenter\u00bb css=\u00bb.vc_custom_1729131440345{padding-right: 10px !important;padding-left: 10px !important;}\u00bb][\/vc_column][vc_column width=\u00bb1\/3&#8243;][vc_single_image image=\u00bb2723&#8243; img_size=\u00bb500X800&#8243; alignment=\u00bbcenter\u00bb css=\u00bb.vc_custom_1729129716610{padding-right: 10px !important;padding-left: 10px !important;}\u00bb][\/vc_column][\/vc_row][vc_row full_width=\u00bbstretch_row_content_no_spaces\u00bb css=\u00bb.vc_custom_1682375932745{margin-top: 0px !important;margin-right: 0px !important;margin-bottom: 0px !important;margin-left: 0px !important;padding-top: 0px !important;padding-right: 0px !important;padding-bottom: 0px !important;padding-left: 0px !important;background-color: #ffffff !important;}\u00bb][vc_column parallax=\u00bbcontent-moving-fade\u00bb width=\u00bb1\/3&#8243;][vc_single_image image=\u00bb2727&#8243; img_size=\u00bb500X800&#8243; alignment=\u00bbcenter\u00bb css=\u00bb.vc_custom_1729129842426{padding-right: 10px !important;padding-left: 10px !important;}\u00bb][\/vc_column][vc_column width=\u00bb1\/3&#8243;][vc_single_image image=\u00bb2729&#8243; img_size=\u00bb500X800&#8243; alignment=\u00bbcenter\u00bb css=\u00bb.vc_custom_1729129908020{padding-right: 10px !important;padding-left: 10px !important;}\u00bb][\/vc_column][vc_column width=\u00bb1\/3&#8243;][vc_single_image image=\u00bb2731&#8243; img_size=\u00bb500X800&#8243; alignment=\u00bbcenter\u00bb css=\u00bb.vc_custom_1729129973431{padding-right: 10px !important;padding-left: 10px !important;}\u00bb][\/vc_column][\/vc_row][vc_row][vc_column][vc_column_text css=\u00bb.vc_custom_1729131074814{margin-top: 1px !important;margin-right: 1px !important;margin-bottom: 1px !important;margin-left: 1px !important;border-top-width: px !important;border-right-width: px !important;border-bottom-width: px !important;border-left-width: px !important;border-left-style: solid !important;border-right-style: solid !important;border-top-style: solid !important;border-bottom-style: solid !important;}\u00bb]<\/p>\n<div style=\"padding-left: 40px;\">\n<p style=\"text-align: left;\"><span lang=\"ES-TRAD\">Estamos aqu\u00ed para acompa\u00f1arte en cada paso de este proceso tan especial. Sabemos lo importante que es cuidar cada detalle para que tu boda sea \u00fanica y memorable. <\/span><\/p>\n<p style=\"text-align: left;\"><span lang=\"ES-TRAD\">Nos dedicamos a hacer que todo sea perfecto, desde el primer momento hasta el \u00faltimo. Nuestro equipo est\u00e1 listo para ayudarte a planear un fin de semana lleno de momentos inolvidables, dise\u00f1ado a tu medida, donde cada celebraci\u00f3n refleje tu historia de amor.<\/span><\/p>\n<\/div>\n<p>[\/vc_column_text][vc_empty_space][\/vc_column][\/vc_row][vc_row][vc_column][vc_column_text css=\u00bb\u00bb]<\/p>\n<p style=\"text-align: center;\">NUESTROS SERVICIOS<\/p>\n<p>[\/vc_column_text][vc_column_text css=\u00bb\u00bb]<\/p>\n<p style=\"font-weight: 400; padding-left: 40px;\"><strong>Asesor\u00eda en Locaciones<\/strong><\/p>\n<p style=\"font-weight: 400; padding-left: 40px;\">Te ayudamos a encontrar el lugar perfecto para tu celebraci\u00f3n en San Miguel de Allende y te acompa\u00f1amos a visitar los lugares que m\u00e1s te interesen, asegur\u00e1ndonos de que cumplan con tus expectativas y necesidades. Adem\u00e1s, ofrecemos asesor\u00eda en la elecci\u00f3n del recinto ideal, gui\u00e1ndote para que tu elecci\u00f3n refleje tu estilo y personalidad, garantizando que cada detalle se ajuste a tu visi\u00f3n.<\/p>\n<p>[\/vc_column_text][\/vc_column][\/vc_row][vc_row][vc_column][vc_column_text css=\u00bb\u00bb]<\/p>\n<p style=\"font-weight: 400; padding-left: 40px;\"><strong>Planeaci\u00f3n Integral<\/strong><\/p>\n<p style=\"font-weight: 400; padding-left: 40px;\">Nos encargamos de todo el proceso de organizaci\u00f3n de tu boda, desde la primera consulta hasta el \u00faltimo brindis. Trabajamos contigo para crear un cronograma detallado, gestionar presupuestos y coordinar proveedores, asegur\u00e1ndonos de que cada aspecto est\u00e9 bajo control. Adem\u00e1s, el d\u00eda de tu boda, nuestro equipo estar\u00e1 presente para supervisar y gestionar todos los tiempos y la log\u00edstica, permiti\u00e9ndote disfrutar cada instante sin estr\u00e9s.<\/p>\n<p>[\/vc_column_text][\/vc_column][\/vc_row][vc_row][vc_column][vc_column_text css=\u00bb\u00bb]<\/p>\n<p style=\"font-weight: 400; padding-left: 40px;\"><strong>Producci\u00f3n del evento<\/strong><\/p>\n<p style=\"font-weight: 400; padding-left: 40px;\">Convertimos tu visi\u00f3n en una realidad. Contamos con una cartera de proveedores aprobados, cuidadosamente seleccionados, que hacen de nuestros eventos algo especial. Colaboramos contigo para crear una ambientaci\u00f3n \u00fanica que refleje tu estilo y personalidad. Nos encargamos de coordinar al equipo de fot\u00f3grafos, floristas, decoradores y m\u00e1s, trabajando con nuestra cartera de expertos para asegurar que cada aspecto de tu boda est\u00e9 perfectamente cuidado.<\/p>\n<p>[\/vc_column_text][\/vc_column][\/vc_row][vc_row][vc_column][vc_column_text css=\u00bb\u00bb]<\/p>\n<p style=\"font-weight: 400; padding-left: 40px;\"><strong>Asistencia durante Todo el Fin de Semana<\/strong><\/p>\n<p style=\"font-weight: 400; padding-left: 40px;\">Estamos a tu disposici\u00f3n durante todo el fin de semana para coordinar los eventos que elijas. Ya sea un coctel de bienvenida, una cena de ensayo, una fiesta de bienvenida, la tradicional callejoneada, o incluso un brunch o una pool party para cerrar la celebraci\u00f3n, te acompa\u00f1amos en cada momento, asegur\u00e1ndonos de que todo salga perfecto. T\u00fa decides qu\u00e9 eventos tener, y nosotros nos encargamos de coordinar cada detalle para que puedas disfrutar de un fin de semana sin preocupaciones.<\/p>\n<p>[\/vc_column_text][\/vc_column][\/vc_row][vc_row][vc_column][vc_column_text css=\u00bb\u00bb]<\/p>\n<p style=\"font-weight: 400; padding-left: 40px;\"><strong>Dise\u00f1o Personalizado de Bodas<\/strong><\/p>\n<p style=\"font-weight: 400; padding-left: 40px;\">Nos especializamos en crear bodas \u00fanicas que reflejan la esencia de cada pareja. Te ayudamos a dise\u00f1ar cada espacio con un enfoque creativo y personalizado, trabajando con los mejores floristas y decoradores para hacer realidad tu visi\u00f3n. Desde el concepto hasta los detalles finales, nos aseguramos de que tu boda sea una extensi\u00f3n perfecta de tu estilo y personalidad.<\/p>\n<p>[\/vc_column_text][\/vc_column][\/vc_row][vc_row full_width=\u00bbstretch_row_content_no_spaces\u00bb css=\u00bb.vc_custom_1682377641057{margin-top: 0px !important;margin-bottom: 0px !important;padding-top: 70px !important;padding-bottom: 70px !important;background-color: rgba(255,255,255,0.01) !important;*background-color: rgb(255,255,255) !important;}\u00bb][vc_column][vc_column_text css=\u00bb.vc_custom_1740429735572{padding-top: -10px !important;padding-bottom: -10px !important;}\u00bb]<\/p>\n<h2 style=\"text-align: center;\"><strong><span style=\"font-size: 14pt;\"><em>Quiero crear recuerdos a tu lado por siempre, escribir nuestra historia juntos y hacer de cada instante una eternidad a tu lado.<\/em><\/span><\/strong><\/h2>\n<p>[\/vc_column_text][vc_btn title=\u00bbM\u00c1S INFORMACI\u00d3N\u00bb color=\u00bbdefault\u00bb align=\u00bbcenter\u00bb css=\u00bb\u00bb link=\u00bburl:https%3A%2F%2Fmonserratguerrero.com%2Fcontacto%2F\u00bb][\/vc_btn][\/vc_column][\/vc_row]<\/p>\n<\/div>","protected":false},"excerpt":{"rendered":"<p>[vc_row][vc_column][\/vc_column][\/vc_row][vc_row][vc_column][vc_empty_space][vc_column_text css=\u00bb\u00bb] Volver\u00eda a elegirte a ti, una y mil veces, en cada vida, en cada mundo, en cada destino imaginable. [\/vc_column_text][\/vc_column][\/vc_row][vc_row full_width=\u00bbstretch_row_content_no_spaces\u00bb css=\u00bb.vc_custom_1682375932745{margin-top: 0px !important;margin-right: 0px !important;margin-bottom: 0px !important;margin-left: [&hellip;]<\/p>\n","protected":false},"author":1,"featured_media":0,"parent":294,"menu_order":0,"comment_status":"closed","ping_status":"closed","template":"","meta":{"_joinchat":[],"footnotes":""},"class_list":["post-1584","page","type-page","status-publish","hentry"],"yoast_head":"<!-- This site is optimized with the Yoast SEO plugin v26.9 - https:\/\/yoast.com\/product\/yoast-seo-wordpress\/ -->\n<title>Wedding Planner - Monserrat Guerrero - Wedding Planner Nos enfocamos en realizar bodas inolvidables<\/title>\n<meta name=\"description\" content=\"Durante el dia de tu boda, nuestro equipo se encargar\u00e1 de supervisar cada detalle de log\u00edstica, asegurando que cada detalle sea \u00fanico\" \/>\n<meta name=\"robots\" content=\"index, follow, max-snippet:-1, max-image-preview:large, max-video-preview:-1\" \/>\n<link rel=\"canonical\" href=\"https:\/\/monserratguerrero.com\/es\/\" \/>\n<meta property=\"og:locale\" content=\"es_ES\" \/>\n<meta property=\"og:type\" content=\"article\" \/>\n<meta property=\"og:title\" content=\"Wedding Planner - Monserrat Guerrero - Wedding Planner Nos enfocamos en realizar bodas inolvidables\" \/>\n<meta property=\"og:description\" content=\"Durante el dia de tu boda, nuestro equipo se encargar\u00e1 de supervisar cada detalle de log\u00edstica, asegurando que cada detalle sea \u00fanico\" \/>\n<meta property=\"og:url\" content=\"https:\/\/monserratguerrero.com\/es\/\" \/>\n<meta property=\"og:site_name\" content=\"Monserrat Guerrero - Wedding Planner\" \/>\n<meta property=\"article:publisher\" content=\"https:\/\/www.facebook.com\/MonserratGuerreroWP\/\" \/>\n<meta property=\"article:modified_time\" content=\"2026-02-11T22:51:04+00:00\" \/>\n<meta name=\"twitter:card\" content=\"summary_large_image\" \/>\n<meta name=\"twitter:label1\" content=\"Tiempo de lectura\" \/>\n\t<meta name=\"twitter:data1\" content=\"4 minutos\" \/>\n<script type=\"application\/ld+json\" class=\"yoast-schema-graph\">{\"@context\":\"https:\/\/schema.org\",\"@graph\":[{\"@type\":\"WebPage\",\"@id\":\"https:\/\/monserratguerrero.com\/es\/\",\"url\":\"https:\/\/monserratguerrero.com\/es\/\",\"name\":\"Wedding Planner - Monserrat Guerrero - Wedding Planner Nos enfocamos en realizar bodas inolvidables\",\"isPartOf\":{\"@id\":\"https:\/\/monserratguerrero.com\/es\/#website\"},\"datePublished\":\"2017-01-12T19:55:53+00:00\",\"dateModified\":\"2026-02-11T22:51:04+00:00\",\"description\":\"Durante el dia de tu boda, nuestro equipo se encargar\u00e1 de supervisar cada detalle de log\u00edstica, asegurando que cada detalle sea \u00fanico\",\"breadcrumb\":{\"@id\":\"https:\/\/monserratguerrero.com\/es\/#breadcrumb\"},\"inLanguage\":\"es\",\"potentialAction\":[{\"@type\":\"ReadAction\",\"target\":[\"https:\/\/monserratguerrero.com\/es\/\"]}]},{\"@type\":\"BreadcrumbList\",\"@id\":\"https:\/\/monserratguerrero.com\/es\/#breadcrumb\",\"itemListElement\":[{\"@type\":\"ListItem\",\"position\":1,\"name\":\"Portada\",\"item\":\"https:\/\/monserratguerrero.com\/es\/\"},{\"@type\":\"ListItem\",\"position\":2,\"name\":\"HOME\",\"item\":\"https:\/\/monserratguerrero.com\/es\/\"},{\"@type\":\"ListItem\",\"position\":3,\"name\":\"Wedding Planner\"}]},{\"@type\":\"WebSite\",\"@id\":\"https:\/\/monserratguerrero.com\/es\/#website\",\"url\":\"https:\/\/monserratguerrero.com\/es\/\",\"name\":\"Monserrat Guerrero - Wedding Planner\",\"description\":\"Wedding Planner\",\"publisher\":{\"@id\":\"https:\/\/monserratguerrero.com\/es\/#organization\"},\"potentialAction\":[{\"@type\":\"SearchAction\",\"target\":{\"@type\":\"EntryPoint\",\"urlTemplate\":\"https:\/\/monserratguerrero.com\/es\/?s={search_term_string}\"},\"query-input\":{\"@type\":\"PropertyValueSpecification\",\"valueRequired\":true,\"valueName\":\"search_term_string\"}}],\"inLanguage\":\"es\"},{\"@type\":\"Organization\",\"@id\":\"https:\/\/monserratguerrero.com\/es\/#organization\",\"name\":\"Monserrat Guerrero - Wedding Planner\",\"url\":\"https:\/\/monserratguerrero.com\/es\/\",\"logo\":{\"@type\":\"ImageObject\",\"inLanguage\":\"es\",\"@id\":\"https:\/\/monserratguerrero.com\/es\/#\/schema\/logo\/image\/\",\"url\":\"https:\/\/monserratguerrero.com\/wp-content\/uploads\/2025\/03\/Logo-MGWP.jpg\",\"contentUrl\":\"https:\/\/monserratguerrero.com\/wp-content\/uploads\/2025\/03\/Logo-MGWP.jpg\",\"width\":1080,\"height\":1920,\"caption\":\"Monserrat Guerrero - Wedding Planner\"},\"image\":{\"@id\":\"https:\/\/monserratguerrero.com\/es\/#\/schema\/logo\/image\/\"},\"sameAs\":[\"https:\/\/www.facebook.com\/MonserratGuerreroWP\/\",\"https:\/\/www.instagram.com\/monserratguerreroweddings\/\",\"https:\/\/g.co\/kgs\/toVgfwo\"]}]}<\/script>\n<!-- \/ Yoast SEO plugin. -->","yoast_head_json":{"title":"Wedding Planner - Monserrat Guerrero - Wedding Planner Nos enfocamos en realizar bodas inolvidables","description":"Durante el dia de tu boda, nuestro equipo se encargar\u00e1 de supervisar cada detalle de log\u00edstica, asegurando que cada detalle sea \u00fanico","robots":{"index":"index","follow":"follow","max-snippet":"max-snippet:-1","max-image-preview":"max-image-preview:large","max-video-preview":"max-video-preview:-1"},"canonical":"https:\/\/monserratguerrero.com\/es\/","og_locale":"es_ES","og_type":"article","og_title":"Wedding Planner - Monserrat Guerrero - Wedding Planner Nos enfocamos en realizar bodas inolvidables","og_description":"Durante el dia de tu boda, nuestro equipo se encargar\u00e1 de supervisar cada detalle de log\u00edstica, asegurando que cada detalle sea \u00fanico","og_url":"https:\/\/monserratguerrero.com\/es\/","og_site_name":"Monserrat Guerrero - Wedding Planner","article_publisher":"https:\/\/www.facebook.com\/MonserratGuerreroWP\/","article_modified_time":"2026-02-11T22:51:04+00:00","twitter_card":"summary_large_image","twitter_misc":{"Tiempo de lectura":"4 minutos"},"schema":{"@context":"https:\/\/schema.org","@graph":[{"@type":"WebPage","@id":"https:\/\/monserratguerrero.com\/es\/","url":"https:\/\/monserratguerrero.com\/es\/","name":"Wedding Planner - Monserrat Guerrero - Wedding Planner Nos enfocamos en realizar bodas inolvidables","isPartOf":{"@id":"https:\/\/monserratguerrero.com\/es\/#website"},"datePublished":"2017-01-12T19:55:53+00:00","dateModified":"2026-02-11T22:51:04+00:00","description":"Durante el dia de tu boda, nuestro equipo se encargar\u00e1 de supervisar cada detalle de log\u00edstica, asegurando que cada detalle sea \u00fanico","breadcrumb":{"@id":"https:\/\/monserratguerrero.com\/es\/#breadcrumb"},"inLanguage":"es","potentialAction":[{"@type":"ReadAction","target":["https:\/\/monserratguerrero.com\/es\/"]}]},{"@type":"BreadcrumbList","@id":"https:\/\/monserratguerrero.com\/es\/#breadcrumb","itemListElement":[{"@type":"ListItem","position":1,"name":"Portada","item":"https:\/\/monserratguerrero.com\/es\/"},{"@type":"ListItem","position":2,"name":"HOME","item":"https:\/\/monserratguerrero.com\/es\/"},{"@type":"ListItem","position":3,"name":"Wedding Planner"}]},{"@type":"WebSite","@id":"https:\/\/monserratguerrero.com\/es\/#website","url":"https:\/\/monserratguerrero.com\/es\/","name":"Monserrat Guerrero - Wedding Planner","description":"Wedding Planner","publisher":{"@id":"https:\/\/monserratguerrero.com\/es\/#organization"},"potentialAction":[{"@type":"SearchAction","target":{"@type":"EntryPoint","urlTemplate":"https:\/\/monserratguerrero.com\/es\/?s={search_term_string}"},"query-input":{"@type":"PropertyValueSpecification","valueRequired":true,"valueName":"search_term_string"}}],"inLanguage":"es"},{"@type":"Organization","@id":"https:\/\/monserratguerrero.com\/es\/#organization","name":"Monserrat Guerrero - Wedding Planner","url":"https:\/\/monserratguerrero.com\/es\/","logo":{"@type":"ImageObject","inLanguage":"es","@id":"https:\/\/monserratguerrero.com\/es\/#\/schema\/logo\/image\/","url":"https:\/\/monserratguerrero.com\/wp-content\/uploads\/2025\/03\/Logo-MGWP.jpg","contentUrl":"https:\/\/monserratguerrero.com\/wp-content\/uploads\/2025\/03\/Logo-MGWP.jpg","width":1080,"height":1920,"caption":"Monserrat Guerrero - Wedding Planner"},"image":{"@id":"https:\/\/monserratguerrero.com\/es\/#\/schema\/logo\/image\/"},"sameAs":["https:\/\/www.facebook.com\/MonserratGuerreroWP\/","https:\/\/www.instagram.com\/monserratguerreroweddings\/","https:\/\/g.co\/kgs\/toVgfwo"]}]}},"_links":{"self":[{"href":"https:\/\/monserratguerrero.com\/es\/wp-json\/wp\/v2\/pages\/1584","targetHints":{"allow":["GET"]}}],"collection":[{"href":"https:\/\/monserratguerrero.com\/es\/wp-json\/wp\/v2\/pages"}],"about":[{"href":"https:\/\/monserratguerrero.com\/es\/wp-json\/wp\/v2\/types\/page"}],"author":[{"embeddable":true,"href":"https:\/\/monserratguerrero.com\/es\/wp-json\/wp\/v2\/users\/1"}],"replies":[{"embeddable":true,"href":"https:\/\/monserratguerrero.com\/es\/wp-json\/wp\/v2\/comments?post=1584"}],"version-history":[{"count":126,"href":"https:\/\/monserratguerrero.com\/es\/wp-json\/wp\/v2\/pages\/1584\/revisions"}],"predecessor-version":[{"id":3164,"href":"https:\/\/monserratguerrero.com\/es\/wp-json\/wp\/v2\/pages\/1584\/revisions\/3164"}],"up":[{"embeddable":true,"href":"https:\/\/monserratguerrero.com\/es\/wp-json\/wp\/v2\/pages\/294"}],"wp:attachment":[{"href":"https:\/\/monserratguerrero.com\/es\/wp-json\/wp\/v2\/media?parent=1584"}],"curies":[{"name":"wp","href":"https:\/\/api.w.org\/{rel}","templated":true}]}}