{"id":3008,"date":"2025-02-24T15:16:50","date_gmt":"2025-02-24T21:16:50","guid":{"rendered":"https:\/\/monserratguerrero.com\/?page_id=3008"},"modified":"2025-02-24T15:16:50","modified_gmt":"2025-02-24T21:16:50","slug":"aviso-de-privacidad","status":"publish","type":"page","link":"https:\/\/monserratguerrero.com\/es\/aviso-de-privacidad\/","title":{"rendered":"Aviso de Privacidad"},"content":{"rendered":"<p>AVISO DE PRIVACIDAD PARA <b>MONSERRAT GUERRERO,<\/b> Y\/O CUALQUIERA DE SUS EMPRESAS FILIALES, SUBSIDIARIAS Y\/O QUE PERTENECEN O SON CONTROLADAS (EN ADELANTE NOMBRE COMERCIAL <b>MONSERRAT GUERRERO<\/b>).<\/p>\n<p><b>AVISO DE PRIVACIDAD<\/b><b><\/b><\/p>\n<p><b>I. IDENTIFICACI\u00d3N DEL RESPONSABLE Y TRATAMIENTO DE SUS DATOS PERSONALES.<\/b><b><\/b><\/p>\n<p>De conformidad con lo establecido en el Art\u00edculo 17, fracci\u00f3n II de la Ley Federal de Protecci\u00f3n de Datos Personales en Posesi\u00f3n de los Particulares le informamos que MONSERRAT GUERRERO. y\/o cualquiera de sus empresas filiales, subsidiarias y\/o que pertenecen o son controladas por el mismo MONSERRAT GUERRERO (en adelante MONSERRAT GUERRERO) (el \u201cResponsable\u201d), con domicilio en la calle Tamaulipas N. 93A Col. Centro, c.p. 37800 Dolores Hidalgo, Gto., &#8211; sucursal en San Miguel de Allende (la \u201cDirecci\u00f3n de Contacto\u201d) tratar\u00e1 los datos personales que recabe de usted en los t\u00e9rminos del presente aviso de privacidad.<\/p>\n<p><b>II. FINALIDADES.<\/b><b><\/b><\/p>\n<p>El tratamiento se har\u00e1 con las siguientes finalidades:<\/p>\n<p>a. Necesarias para la relaci\u00f3n jur\u00eddica con el Responsable:<\/p>\n<p>Evaluarlo para su contrataci\u00f3n;<br \/>\nTener certeza jur\u00eddica.<br \/>\nPara la Facturaci\u00f3n.<br \/>\nPara prestar el servicio.<\/p>\n<p>b. Otras:<\/p>\n<p><b>II. EFECTUAR TRANSFERENCIAS CON SUS DATOS PERSONALES A TERCEROS EN T\u00c9RMINOS DEL AVISO DE PRIVACIDAD.<\/b><b><\/b><\/p>\n<p>Por lo tanto y para alcanzar las finalidades antes expuestas, se tratar\u00e1n los siguientes datos personales: raz\u00f3n social, domicilio, datos de registro, RFC, acta constitutiva o datos de la misma, comprobante de domicilio, as\u00ed como los datos del representante legal, como es el nombre, apellido paterno, apellido materno, nacionalidad, escolaridad, comprobante de domicilio, identificaci\u00f3n oficiales.<\/p>\n<p><b>III. OPCIONES PARA LIMITAR EL USO O DIVULGACI\u00d3N DE SUS DATOS PERSONALES.<\/b><b><\/b><\/p>\n<p>El Responsable ha designado a un encargado de datos personales (el \u201cOficial de Privacidad\u201d), por lo tanto usted podr\u00e1 limitar el uso o divulgaci\u00f3n de sus datos personales de manera personal ante el Responsable, mediante solicitud que deber\u00e1 presentar en la Direcci\u00f3n de Contacto.<\/p>\n<p><b>IV. MEDIOS PARA REVOCAR EL CONSENTIMIENTO PARA EL TRATAMIENTO DE DATOS PERSONALES.<\/b><b><\/b><\/p>\n<p>Usted podr\u00e1 revocar su consentimiento para el tratamiento de sus datos personales mediante una solicitud por escrito dirigida al Oficial de Privacidad a la Direcci\u00f3n de Contacto, salvo en el caso en que el Responsable haya solicitado mediante medios electr\u00f3nicos de comunicaci\u00f3n el consentimiento para el tratamiento de sus datos personales, en cuyo caso podr\u00e1 usted revocar su consentimiento mediante un correo electr\u00f3nico a la siguiente direcci\u00f3n\u00a0porestablecer@<\/p>\n<p><b>V. MEDIOS PARA EJERCER LOS DERECHOS ARCO.<\/b><b><\/b><\/p>\n<p>Usted tiene el derecho de: (i) acceder a sus datos personales en nuestro poder y conocer los detalles del tratamiento de los mismos, (ii) rectificarlos en caso de ser inexactos o incompletos, (iii) cancelarlos cuando considere que no se requieren para alguna de las finalidades se\u00f1aladas en el presente aviso de privacidad, est\u00e9n siendo utilizados para finalidades no consentidas o haya finalizado la relaci\u00f3n contractual o de servicio, o (iv) oponerse al tratamiento de los mismos para fines espec\u00edficos, seg\u00fan lo diga la ley, (conjuntamente, los \u201cDerechos ARCO\u201d).<\/p>\n<p>Para el ejercicio de sus Derechos ARCO, deber\u00e1 presentar una solicitud (la \u201cSolicitud ARCO\u201d), al Responsable, a la atenci\u00f3n del Oficial de Privacidad, a la Direcci\u00f3n de Contacto, acompa\u00f1ada de la siguiente informaci\u00f3n y documentaci\u00f3n:<\/p>\n<ul>\n<li>Su nombre, domicilio y correo electr\u00f3nico para poder comunicarle la respuesta a la Solicitud ARCO.<\/li>\n<li>Una copia de los documentos que acrediten su identidad (copia de IFE, pasaporte o cualquier otra identificaci\u00f3n oficial vigente) o en su caso, los documentos que acrediten su representaci\u00f3n legal, cuyo original deber\u00e1 presentar para poder recibir la respuesta del Responsable.<\/li>\n<li>Una descripci\u00f3n clara y precisa de los datos personales respecto de los cuales busca ejercer alguno de los Derechos ARCO.<\/li>\n<li>Cualquier documento o informaci\u00f3n que facilite la localizaci\u00f3n de sus datos personales.<\/li>\n<li>En caso de solicitar una rectificaci\u00f3n de sus datos personales, deber\u00e1 de indicar tambi\u00e9n, las modificaciones a realizarse y aportar la documentaci\u00f3n que sustente su petici\u00f3n.<\/li>\n<\/ul>\n<p>El Oficial de Privacidad responder\u00e1 su Solicitud ARCO y los motivos de su decisi\u00f3n mediante un correo electr\u00f3nico en un plazo m\u00e1ximo de 20 d\u00edas h\u00e1biles contados desde el d\u00eda en que se haya recibido su Solicitud ARCO. En caso de que la Solicitud ARCO se conteste de manera afirmativa o procedente, los cambios solicitados se har\u00e1n en un plazo m\u00e1ximo de 15 d\u00edas h\u00e1biles. El Responsable podr\u00e1 notificarle dentro de los plazos referidos en este p\u00e1rrafo la pr\u00f3rroga de los mismos, por una sola vez, por un periodo igual al original.<\/p>\n<p>El Responsable podr\u00e1 negar el acceso (la \u201cNegativa\u201d) para que usted ejerza sus Derechos ARCO, en los supuestos que lo permita la ley, por lo que deber\u00e1 informar a usted el motivo de tal decisi\u00f3n.<\/p>\n<p>La Negativa podr\u00e1 ser parcial, en cuyo caso el Responsable efectuar\u00e1 el acceso, rectificaci\u00f3n, cancelaci\u00f3n u oposici\u00f3n en la parte procedente.<\/p>\n<p>El ejercicio de los Derechos ARCO ser\u00e1 gratuito, pero si usted reitera su solicitud en un periodo menor a doce meses, los costos ser\u00e1n de tres d\u00edas de Salario M\u00ednimo General Vigente en Le\u00f3n, Gto., m\u00e1s I.V.A., a menos que existan modificaciones sustanciales al Aviso de Privacidad, que motiven nuevas Solicitudes ARCO. Usted deber\u00e1 de cubrir los gastos justificados de env\u00edo o el costo de reproducci\u00f3n en copias u otros formatos y, en su caso, el costo de la certificaci\u00f3n de documentos.<\/p>\n<p><b>VI. CAMBIOS O MODIFICACIONES AL AVISO DE PRIVACIDAD.<\/b><b><\/b><\/p>\n<p>El Responsable se reserva el derecho de efectuar en cualquier momento modificaciones o actualizaciones al presente aviso de privacidad, en el entendido de que toda modificaci\u00f3n al mismo se le har\u00e1 conocer a usted por medio de la publicaci\u00f3n de un aviso en la p\u00e1gina de internet del Responsable, por lo que le recomendamos verificarla con frecuencia.<\/p>\n<p>En caso de que ocurra una vulneraci\u00f3n de seguridad en cualquier fase del tratamiento de datos personales, que afecte de forma significativa sus derechos patrimoniales o morales, el Oficial de Privacidad le comunicar\u00e1 de forma inmediata por correo electr\u00f3nico el suceso de vulneraci\u00f3n de seguridad, para que usted pueda tomar las medidas necesarias correspondientes para la defensa de sus derechos. En caso de no contar con su correo electr\u00f3nico, la notificaci\u00f3n se publicar\u00e1 en la p\u00e1gina de internet del Responsable.<\/p>\n<p><b>VII. TRANSFERENCIAS DE SUS DATOS PERSONALES.<\/b><b><\/b><\/p>\n<p>Le informamos que sus datos personales podr\u00e1n ser transferidos dentro y fuera del pa\u00eds, solo a las Empresas del mismo grupo del Responsable, siempre que sea necesario para prestar los servicios acordados entre las partes.<\/p>\n<p>Sus datos personales no ser\u00e1n transferidos a terceros ajenos al Responsable.<\/p>\n<p><b>VIII. COOKIES<\/b><b><\/b><\/p>\n<p>Les informamos que MONSERRAT GUERRERO utiliza cookies con diferentes fines, incluido el almacenamiento de informaci\u00f3n requerida para determinar la mejor forma de comunicarnos con los sistemas e identificar usuarios del sitio. Una cookie es un peque\u00f1o fichero con informaci\u00f3n que un servidor Web almacena temporalmente a trav\u00e9s de su navegador Web, para utilizarla m\u00e1s tarde. La finalidad de la cookie no es que el servidor Web acceda y utilice la informaci\u00f3n privada sobre usted, pero si usted proporciona esa informaci\u00f3n personal, \u00e9sta quedar\u00e1 grabada en la cookie. Tambi\u00e9n, puede limitar la funci\u00f3n de la cookie si no desea que MONSERRAT GUERRERO tenga acceso a trav\u00e9s de \u00e9stas.<\/p>\n<p><b>IX. SEGURIDAD<\/b><b><\/b><\/p>\n<p>Le informamos que MONSERRAT GUERRERO utiliza precauciones de seguridad, t\u00e9cnicas y organizacionales, con el fin de proteger su informaci\u00f3n de manipulaci\u00f3n, p\u00e9rdida, destrucci\u00f3n o acceso de personas no autorizadas. Cualquier informaci\u00f3n personal que se le facilite a MONSERRAT GUERRERO ser\u00e1 codificada en tr\u00e1nsito para prevenir el posible mal uso por terceras personas. Nuestros procedimientos de seguridad se revisan continuamente, tomando como base los nuevos desarrollos tecnol\u00f3gicos.<\/p>\n","protected":false},"excerpt":{"rendered":"<p>AVISO DE PRIVACIDAD PARA MONSERRAT GUERRERO, Y\/O CUALQUIERA DE SUS EMPRESAS FILIALES, SUBSIDIARIAS Y\/O QUE PERTENECEN O SON CONTROLADAS (EN ADELANTE NOMBRE COMERCIAL MONSERRAT GUERRERO). AVISO DE PRIVACIDAD I. IDENTIFICACI\u00d3N [&hellip;]<\/p>\n","protected":false},"author":2,"featured_media":0,"parent":0,"menu_order":0,"comment_status":"closed","ping_status":"closed","template":"","meta":{"_joinchat":[],"footnotes":""},"class_list":["post-3008","page","type-page","status-publish","hentry"],"yoast_head":"<!-- This site is optimized with the Yoast SEO plugin v26.9 - https:\/\/yoast.com\/product\/yoast-seo-wordpress\/ -->\n<title>Aviso de Privacidad - Monserrat Guerrero - Wedding Planner<\/title>\n<meta name=\"robots\" content=\"index, follow, max-snippet:-1, max-image-preview:large, max-video-preview:-1\" \/>\n<link rel=\"canonical\" href=\"https:\/\/monserratguerrero.com\/es\/aviso-de-privacidad\/\" \/>\n<meta property=\"og:locale\" content=\"es_ES\" \/>\n<meta property=\"og:type\" content=\"article\" \/>\n<meta property=\"og:title\" content=\"Aviso de Privacidad - Monserrat Guerrero - Wedding Planner\" \/>\n<meta property=\"og:description\" content=\"AVISO DE PRIVACIDAD PARA MONSERRAT GUERRERO, Y\/O CUALQUIERA DE SUS EMPRESAS FILIALES, SUBSIDIARIAS Y\/O QUE PERTENECEN O SON CONTROLADAS (EN ADELANTE NOMBRE COMERCIAL MONSERRAT GUERRERO). AVISO DE PRIVACIDAD I. IDENTIFICACI\u00d3N [&hellip;]\" \/>\n<meta property=\"og:url\" content=\"https:\/\/monserratguerrero.com\/es\/aviso-de-privacidad\/\" \/>\n<meta property=\"og:site_name\" content=\"Monserrat Guerrero - Wedding Planner\" \/>\n<meta property=\"article:publisher\" content=\"https:\/\/www.facebook.com\/MonserratGuerreroWP\/\" \/>\n<meta name=\"twitter:card\" content=\"summary_large_image\" \/>\n<meta name=\"twitter:label1\" content=\"Tiempo de lectura\" \/>\n\t<meta name=\"twitter:data1\" content=\"7 minutos\" \/>\n<script type=\"application\/ld+json\" class=\"yoast-schema-graph\">{\"@context\":\"https:\/\/schema.org\",\"@graph\":[{\"@type\":\"WebPage\",\"@id\":\"https:\/\/monserratguerrero.com\/es\/aviso-de-privacidad\/\",\"url\":\"https:\/\/monserratguerrero.com\/es\/aviso-de-privacidad\/\",\"name\":\"Aviso de Privacidad - Monserrat Guerrero - Wedding Planner\",\"isPartOf\":{\"@id\":\"https:\/\/monserratguerrero.com\/es\/#website\"},\"datePublished\":\"2025-02-24T21:16:50+00:00\",\"breadcrumb\":{\"@id\":\"https:\/\/monserratguerrero.com\/es\/aviso-de-privacidad\/#breadcrumb\"},\"inLanguage\":\"es\",\"potentialAction\":[{\"@type\":\"ReadAction\",\"target\":[\"https:\/\/monserratguerrero.com\/es\/aviso-de-privacidad\/\"]}]},{\"@type\":\"BreadcrumbList\",\"@id\":\"https:\/\/monserratguerrero.com\/es\/aviso-de-privacidad\/#breadcrumb\",\"itemListElement\":[{\"@type\":\"ListItem\",\"position\":1,\"name\":\"Portada\",\"item\":\"https:\/\/monserratguerrero.com\/es\/\"},{\"@type\":\"ListItem\",\"position\":2,\"name\":\"Aviso de Privacidad\"}]},{\"@type\":\"WebSite\",\"@id\":\"https:\/\/monserratguerrero.com\/es\/#website\",\"url\":\"https:\/\/monserratguerrero.com\/es\/\",\"name\":\"Monserrat Guerrero - Wedding Planner\",\"description\":\"Wedding Planner\",\"publisher\":{\"@id\":\"https:\/\/monserratguerrero.com\/es\/#organization\"},\"potentialAction\":[{\"@type\":\"SearchAction\",\"target\":{\"@type\":\"EntryPoint\",\"urlTemplate\":\"https:\/\/monserratguerrero.com\/es\/?s={search_term_string}\"},\"query-input\":{\"@type\":\"PropertyValueSpecification\",\"valueRequired\":true,\"valueName\":\"search_term_string\"}}],\"inLanguage\":\"es\"},{\"@type\":\"Organization\",\"@id\":\"https:\/\/monserratguerrero.com\/es\/#organization\",\"name\":\"Monserrat Guerrero - Wedding Planner\",\"url\":\"https:\/\/monserratguerrero.com\/es\/\",\"logo\":{\"@type\":\"ImageObject\",\"inLanguage\":\"es\",\"@id\":\"https:\/\/monserratguerrero.com\/es\/#\/schema\/logo\/image\/\",\"url\":\"https:\/\/monserratguerrero.com\/wp-content\/uploads\/2025\/03\/Logo-MGWP.jpg\",\"contentUrl\":\"https:\/\/monserratguerrero.com\/wp-content\/uploads\/2025\/03\/Logo-MGWP.jpg\",\"width\":1080,\"height\":1920,\"caption\":\"Monserrat Guerrero - Wedding Planner\"},\"image\":{\"@id\":\"https:\/\/monserratguerrero.com\/es\/#\/schema\/logo\/image\/\"},\"sameAs\":[\"https:\/\/www.facebook.com\/MonserratGuerreroWP\/\",\"https:\/\/www.instagram.com\/monserratguerreroweddings\/\",\"https:\/\/g.co\/kgs\/toVgfwo\"]}]}<\/script>\n<!-- \/ Yoast SEO plugin. -->","yoast_head_json":{"title":"Aviso de Privacidad - Monserrat Guerrero - Wedding Planner","robots":{"index":"index","follow":"follow","max-snippet":"max-snippet:-1","max-image-preview":"max-image-preview:large","max-video-preview":"max-video-preview:-1"},"canonical":"https:\/\/monserratguerrero.com\/es\/aviso-de-privacidad\/","og_locale":"es_ES","og_type":"article","og_title":"Aviso de Privacidad - Monserrat Guerrero - Wedding Planner","og_description":"AVISO DE PRIVACIDAD PARA MONSERRAT GUERRERO, Y\/O CUALQUIERA DE SUS EMPRESAS FILIALES, SUBSIDIARIAS Y\/O QUE PERTENECEN O SON CONTROLADAS (EN ADELANTE NOMBRE COMERCIAL MONSERRAT GUERRERO). AVISO DE PRIVACIDAD I. IDENTIFICACI\u00d3N [&hellip;]","og_url":"https:\/\/monserratguerrero.com\/es\/aviso-de-privacidad\/","og_site_name":"Monserrat Guerrero - Wedding Planner","article_publisher":"https:\/\/www.facebook.com\/MonserratGuerreroWP\/","twitter_card":"summary_large_image","twitter_misc":{"Tiempo de lectura":"7 minutos"},"schema":{"@context":"https:\/\/schema.org","@graph":[{"@type":"WebPage","@id":"https:\/\/monserratguerrero.com\/es\/aviso-de-privacidad\/","url":"https:\/\/monserratguerrero.com\/es\/aviso-de-privacidad\/","name":"Aviso de Privacidad - Monserrat Guerrero - Wedding Planner","isPartOf":{"@id":"https:\/\/monserratguerrero.com\/es\/#website"},"datePublished":"2025-02-24T21:16:50+00:00","breadcrumb":{"@id":"https:\/\/monserratguerrero.com\/es\/aviso-de-privacidad\/#breadcrumb"},"inLanguage":"es","potentialAction":[{"@type":"ReadAction","target":["https:\/\/monserratguerrero.com\/es\/aviso-de-privacidad\/"]}]},{"@type":"BreadcrumbList","@id":"https:\/\/monserratguerrero.com\/es\/aviso-de-privacidad\/#breadcrumb","itemListElement":[{"@type":"ListItem","position":1,"name":"Portada","item":"https:\/\/monserratguerrero.com\/es\/"},{"@type":"ListItem","position":2,"name":"Aviso de Privacidad"}]},{"@type":"WebSite","@id":"https:\/\/monserratguerrero.com\/es\/#website","url":"https:\/\/monserratguerrero.com\/es\/","name":"Monserrat Guerrero - Wedding Planner","description":"Wedding Planner","publisher":{"@id":"https:\/\/monserratguerrero.com\/es\/#organization"},"potentialAction":[{"@type":"SearchAction","target":{"@type":"EntryPoint","urlTemplate":"https:\/\/monserratguerrero.com\/es\/?s={search_term_string}"},"query-input":{"@type":"PropertyValueSpecification","valueRequired":true,"valueName":"search_term_string"}}],"inLanguage":"es"},{"@type":"Organization","@id":"https:\/\/monserratguerrero.com\/es\/#organization","name":"Monserrat Guerrero - Wedding Planner","url":"https:\/\/monserratguerrero.com\/es\/","logo":{"@type":"ImageObject","inLanguage":"es","@id":"https:\/\/monserratguerrero.com\/es\/#\/schema\/logo\/image\/","url":"https:\/\/monserratguerrero.com\/wp-content\/uploads\/2025\/03\/Logo-MGWP.jpg","contentUrl":"https:\/\/monserratguerrero.com\/wp-content\/uploads\/2025\/03\/Logo-MGWP.jpg","width":1080,"height":1920,"caption":"Monserrat Guerrero - Wedding Planner"},"image":{"@id":"https:\/\/monserratguerrero.com\/es\/#\/schema\/logo\/image\/"},"sameAs":["https:\/\/www.facebook.com\/MonserratGuerreroWP\/","https:\/\/www.instagram.com\/monserratguerreroweddings\/","https:\/\/g.co\/kgs\/toVgfwo"]}]}},"_links":{"self":[{"href":"https:\/\/monserratguerrero.com\/es\/wp-json\/wp\/v2\/pages\/3008","targetHints":{"allow":["GET"]}}],"collection":[{"href":"https:\/\/monserratguerrero.com\/es\/wp-json\/wp\/v2\/pages"}],"about":[{"href":"https:\/\/monserratguerrero.com\/es\/wp-json\/wp\/v2\/types\/page"}],"author":[{"embeddable":true,"href":"https:\/\/monserratguerrero.com\/es\/wp-json\/wp\/v2\/users\/2"}],"replies":[{"embeddable":true,"href":"https:\/\/monserratguerrero.com\/es\/wp-json\/wp\/v2\/comments?post=3008"}],"version-history":[{"count":2,"href":"https:\/\/monserratguerrero.com\/es\/wp-json\/wp\/v2\/pages\/3008\/revisions"}],"predecessor-version":[{"id":3010,"href":"https:\/\/monserratguerrero.com\/es\/wp-json\/wp\/v2\/pages\/3008\/revisions\/3010"}],"wp:attachment":[{"href":"https:\/\/monserratguerrero.com\/es\/wp-json\/wp\/v2\/media?parent=3008"}],"curies":[{"name":"wp","href":"https:\/\/api.w.org\/{rel}","templated":true}]}}