{"id":3023,"date":"2025-03-12T10:05:23","date_gmt":"2025-03-12T16:05:23","guid":{"rendered":"https:\/\/monserratguerrero.com\/?page_id=3023"},"modified":"2025-03-12T10:10:55","modified_gmt":"2025-03-12T16:10:55","slug":"creditos-fotograficos","status":"publish","type":"page","link":"https:\/\/monserratguerrero.com\/es\/creditos-fotograficos\/","title":{"rendered":"Cr\u00e9ditos Fotogr\u00e1ficos"},"content":{"rendered":"<div class=\"wpb-content-wrapper\"><p>[vc_row][vc_column][vc_column_text css=\u00bb\u00bb]<\/p>\n<p class=\"p1\" style=\"text-align: center;\">Durante los \u00faltimos 8 a\u00f1os, he tenido la dicha de conocer a personas incre\u00edbles que tienen un don para capturar la belleza, las emociones y los momentos m\u00e1s significativos. Me siento realmente honrada de trabajar junto a profesionales de las bodas tan creativos y con tanto talento. Su pasi\u00f3n y dedicaci\u00f3n no s\u00f3lo brillan a trav\u00e9s de su trabajo, sino que tambi\u00e9n sirven como una fuente constante de inspiraci\u00f3n para m\u00ed.<\/p>\n<p class=\"p1\" style=\"text-align: center;\">A todos y cada uno de ustedes, <strong>\u00a1GRACIAS!<\/strong><\/p>\n<p class=\"p2\" style=\"text-align: center;\">Marcus Jolly<\/p>\n<p class=\"p2\" style=\"text-align: center;\">Mariana Pierce<\/p>\n<p class=\"p2\" style=\"text-align: center;\">Gustavo Trejo<\/p>\n<p class=\"p2\" style=\"text-align: center;\">Mario Tijerina<\/p>\n<p class=\"p2\" style=\"text-align: center;\">Caro Mu\u00f1oz<\/p>\n<p class=\"p2\" style=\"text-align: center;\">Carito Photography<\/p>\n<p class=\"p2\" style=\"text-align: center;\">Valery Velazquez<\/p>\n<p class=\"p2\" style=\"text-align: center;\">Ana Sauza<\/p>\n<p class=\"p2\" style=\"text-align: center;\">Andres Mondragon<\/p>\n<p class=\"p2\" style=\"text-align: center;\">Arte Visual<\/p>\n<p class=\"p2\" style=\"text-align: center;\">Lighthouse Photocinema<\/p>\n<p class=\"p2\" style=\"text-align: center;\">Ildefonso Gutierrez<\/p>\n<p class=\"p2\" style=\"text-align: center;\">Regina Malo<\/p>\n<p class=\"p2\" style=\"text-align: center;\">Cinelum<\/p>\n<p>[\/vc_column_text][\/vc_column][\/vc_row]<\/p>\n<\/div>","protected":false},"excerpt":{"rendered":"<p>[vc_row][vc_column][vc_column_text css=\u00bb\u00bb] Durante los \u00faltimos 8 a\u00f1os, he tenido la dicha de conocer a personas incre\u00edbles que tienen un don para capturar la belleza, las emociones y los momentos m\u00e1s [&hellip;]<\/p>\n","protected":false},"author":2,"featured_media":0,"parent":0,"menu_order":0,"comment_status":"closed","ping_status":"closed","template":"","meta":{"_joinchat":[],"footnotes":""},"class_list":["post-3023","page","type-page","status-publish","hentry"],"yoast_head":"<!-- This site is optimized with the Yoast SEO plugin v26.9 - https:\/\/yoast.com\/product\/yoast-seo-wordpress\/ -->\n<title>Cr\u00e9ditos Fotogr\u00e1ficos - Monserrat Guerrero - Wedding Planner<\/title>\n<meta name=\"robots\" content=\"index, follow, max-snippet:-1, max-image-preview:large, max-video-preview:-1\" \/>\n<link rel=\"canonical\" href=\"https:\/\/monserratguerrero.com\/es\/creditos-fotograficos\/\" \/>\n<meta property=\"og:locale\" content=\"es_ES\" \/>\n<meta property=\"og:type\" content=\"article\" \/>\n<meta property=\"og:title\" content=\"Cr\u00e9ditos Fotogr\u00e1ficos - Monserrat Guerrero - Wedding Planner\" \/>\n<meta property=\"og:description\" content=\"[vc_row][vc_column][vc_column_text css=\u00bb\u00bb] Durante los \u00faltimos 8 a\u00f1os, he tenido la dicha de conocer a personas incre\u00edbles que tienen un don para capturar la belleza, las emociones y los momentos m\u00e1s [&hellip;]\" \/>\n<meta property=\"og:url\" content=\"https:\/\/monserratguerrero.com\/es\/creditos-fotograficos\/\" \/>\n<meta property=\"og:site_name\" content=\"Monserrat Guerrero - Wedding Planner\" \/>\n<meta property=\"article:publisher\" content=\"https:\/\/www.facebook.com\/MonserratGuerreroWP\/\" \/>\n<meta property=\"article:modified_time\" content=\"2025-03-12T16:10:55+00:00\" \/>\n<meta name=\"twitter:card\" content=\"summary_large_image\" \/>\n<meta name=\"twitter:label1\" content=\"Tiempo de lectura\" \/>\n\t<meta name=\"twitter:data1\" content=\"1 minuto\" \/>\n<script type=\"application\/ld+json\" class=\"yoast-schema-graph\">{\"@context\":\"https:\/\/schema.org\",\"@graph\":[{\"@type\":\"WebPage\",\"@id\":\"https:\/\/monserratguerrero.com\/es\/creditos-fotograficos\/\",\"url\":\"https:\/\/monserratguerrero.com\/es\/creditos-fotograficos\/\",\"name\":\"Cr\u00e9ditos Fotogr\u00e1ficos - Monserrat Guerrero - Wedding Planner\",\"isPartOf\":{\"@id\":\"https:\/\/monserratguerrero.com\/es\/#website\"},\"datePublished\":\"2025-03-12T16:05:23+00:00\",\"dateModified\":\"2025-03-12T16:10:55+00:00\",\"breadcrumb\":{\"@id\":\"https:\/\/monserratguerrero.com\/es\/creditos-fotograficos\/#breadcrumb\"},\"inLanguage\":\"es\",\"potentialAction\":[{\"@type\":\"ReadAction\",\"target\":[\"https:\/\/monserratguerrero.com\/es\/creditos-fotograficos\/\"]}]},{\"@type\":\"BreadcrumbList\",\"@id\":\"https:\/\/monserratguerrero.com\/es\/creditos-fotograficos\/#breadcrumb\",\"itemListElement\":[{\"@type\":\"ListItem\",\"position\":1,\"name\":\"Portada\",\"item\":\"https:\/\/monserratguerrero.com\/es\/\"},{\"@type\":\"ListItem\",\"position\":2,\"name\":\"Cr\u00e9ditos Fotogr\u00e1ficos\"}]},{\"@type\":\"WebSite\",\"@id\":\"https:\/\/monserratguerrero.com\/es\/#website\",\"url\":\"https:\/\/monserratguerrero.com\/es\/\",\"name\":\"Monserrat Guerrero - Wedding Planner\",\"description\":\"Wedding Planner\",\"publisher\":{\"@id\":\"https:\/\/monserratguerrero.com\/es\/#organization\"},\"potentialAction\":[{\"@type\":\"SearchAction\",\"target\":{\"@type\":\"EntryPoint\",\"urlTemplate\":\"https:\/\/monserratguerrero.com\/es\/?s={search_term_string}\"},\"query-input\":{\"@type\":\"PropertyValueSpecification\",\"valueRequired\":true,\"valueName\":\"search_term_string\"}}],\"inLanguage\":\"es\"},{\"@type\":\"Organization\",\"@id\":\"https:\/\/monserratguerrero.com\/es\/#organization\",\"name\":\"Monserrat Guerrero - Wedding Planner\",\"url\":\"https:\/\/monserratguerrero.com\/es\/\",\"logo\":{\"@type\":\"ImageObject\",\"inLanguage\":\"es\",\"@id\":\"https:\/\/monserratguerrero.com\/es\/#\/schema\/logo\/image\/\",\"url\":\"https:\/\/monserratguerrero.com\/wp-content\/uploads\/2025\/03\/Logo-MGWP.jpg\",\"contentUrl\":\"https:\/\/monserratguerrero.com\/wp-content\/uploads\/2025\/03\/Logo-MGWP.jpg\",\"width\":1080,\"height\":1920,\"caption\":\"Monserrat Guerrero - Wedding Planner\"},\"image\":{\"@id\":\"https:\/\/monserratguerrero.com\/es\/#\/schema\/logo\/image\/\"},\"sameAs\":[\"https:\/\/www.facebook.com\/MonserratGuerreroWP\/\",\"https:\/\/www.instagram.com\/monserratguerreroweddings\/\",\"https:\/\/g.co\/kgs\/toVgfwo\"]}]}<\/script>\n<!-- \/ Yoast SEO plugin. -->","yoast_head_json":{"title":"Cr\u00e9ditos Fotogr\u00e1ficos - Monserrat Guerrero - Wedding Planner","robots":{"index":"index","follow":"follow","max-snippet":"max-snippet:-1","max-image-preview":"max-image-preview:large","max-video-preview":"max-video-preview:-1"},"canonical":"https:\/\/monserratguerrero.com\/es\/creditos-fotograficos\/","og_locale":"es_ES","og_type":"article","og_title":"Cr\u00e9ditos Fotogr\u00e1ficos - Monserrat Guerrero - Wedding Planner","og_description":"[vc_row][vc_column][vc_column_text css=\u00bb\u00bb] Durante los \u00faltimos 8 a\u00f1os, he tenido la dicha de conocer a personas incre\u00edbles que tienen un don para capturar la belleza, las emociones y los momentos m\u00e1s [&hellip;]","og_url":"https:\/\/monserratguerrero.com\/es\/creditos-fotograficos\/","og_site_name":"Monserrat Guerrero - Wedding Planner","article_publisher":"https:\/\/www.facebook.com\/MonserratGuerreroWP\/","article_modified_time":"2025-03-12T16:10:55+00:00","twitter_card":"summary_large_image","twitter_misc":{"Tiempo de lectura":"1 minuto"},"schema":{"@context":"https:\/\/schema.org","@graph":[{"@type":"WebPage","@id":"https:\/\/monserratguerrero.com\/es\/creditos-fotograficos\/","url":"https:\/\/monserratguerrero.com\/es\/creditos-fotograficos\/","name":"Cr\u00e9ditos Fotogr\u00e1ficos - Monserrat Guerrero - Wedding Planner","isPartOf":{"@id":"https:\/\/monserratguerrero.com\/es\/#website"},"datePublished":"2025-03-12T16:05:23+00:00","dateModified":"2025-03-12T16:10:55+00:00","breadcrumb":{"@id":"https:\/\/monserratguerrero.com\/es\/creditos-fotograficos\/#breadcrumb"},"inLanguage":"es","potentialAction":[{"@type":"ReadAction","target":["https:\/\/monserratguerrero.com\/es\/creditos-fotograficos\/"]}]},{"@type":"BreadcrumbList","@id":"https:\/\/monserratguerrero.com\/es\/creditos-fotograficos\/#breadcrumb","itemListElement":[{"@type":"ListItem","position":1,"name":"Portada","item":"https:\/\/monserratguerrero.com\/es\/"},{"@type":"ListItem","position":2,"name":"Cr\u00e9ditos Fotogr\u00e1ficos"}]},{"@type":"WebSite","@id":"https:\/\/monserratguerrero.com\/es\/#website","url":"https:\/\/monserratguerrero.com\/es\/","name":"Monserrat Guerrero - Wedding Planner","description":"Wedding Planner","publisher":{"@id":"https:\/\/monserratguerrero.com\/es\/#organization"},"potentialAction":[{"@type":"SearchAction","target":{"@type":"EntryPoint","urlTemplate":"https:\/\/monserratguerrero.com\/es\/?s={search_term_string}"},"query-input":{"@type":"PropertyValueSpecification","valueRequired":true,"valueName":"search_term_string"}}],"inLanguage":"es"},{"@type":"Organization","@id":"https:\/\/monserratguerrero.com\/es\/#organization","name":"Monserrat Guerrero - Wedding Planner","url":"https:\/\/monserratguerrero.com\/es\/","logo":{"@type":"ImageObject","inLanguage":"es","@id":"https:\/\/monserratguerrero.com\/es\/#\/schema\/logo\/image\/","url":"https:\/\/monserratguerrero.com\/wp-content\/uploads\/2025\/03\/Logo-MGWP.jpg","contentUrl":"https:\/\/monserratguerrero.com\/wp-content\/uploads\/2025\/03\/Logo-MGWP.jpg","width":1080,"height":1920,"caption":"Monserrat Guerrero - Wedding Planner"},"image":{"@id":"https:\/\/monserratguerrero.com\/es\/#\/schema\/logo\/image\/"},"sameAs":["https:\/\/www.facebook.com\/MonserratGuerreroWP\/","https:\/\/www.instagram.com\/monserratguerreroweddings\/","https:\/\/g.co\/kgs\/toVgfwo"]}]}},"_links":{"self":[{"href":"https:\/\/monserratguerrero.com\/es\/wp-json\/wp\/v2\/pages\/3023","targetHints":{"allow":["GET"]}}],"collection":[{"href":"https:\/\/monserratguerrero.com\/es\/wp-json\/wp\/v2\/pages"}],"about":[{"href":"https:\/\/monserratguerrero.com\/es\/wp-json\/wp\/v2\/types\/page"}],"author":[{"embeddable":true,"href":"https:\/\/monserratguerrero.com\/es\/wp-json\/wp\/v2\/users\/2"}],"replies":[{"embeddable":true,"href":"https:\/\/monserratguerrero.com\/es\/wp-json\/wp\/v2\/comments?post=3023"}],"version-history":[{"count":4,"href":"https:\/\/monserratguerrero.com\/es\/wp-json\/wp\/v2\/pages\/3023\/revisions"}],"predecessor-version":[{"id":3025,"href":"https:\/\/monserratguerrero.com\/es\/wp-json\/wp\/v2\/pages\/3023\/revisions\/3025"}],"wp:attachment":[{"href":"https:\/\/monserratguerrero.com\/es\/wp-json\/wp\/v2\/media?parent=3023"}],"curies":[{"name":"wp","href":"https:\/\/api.w.org\/{rel}","templated":true}]}}