{"id":3034,"date":"2025-03-12T10:18:05","date_gmt":"2025-03-12T16:18:05","guid":{"rendered":"https:\/\/monserratguerrero.com\/?page_id=3034"},"modified":"2025-03-26T23:04:38","modified_gmt":"2025-03-27T05:04:38","slug":"testimoniales","status":"publish","type":"page","link":"https:\/\/monserratguerrero.com\/es\/testimoniales\/","title":{"rendered":"Testimoniales"},"content":{"rendered":"<div class=\"wpb-content-wrapper\"><p>[vc_row][vc_column][vc_column_text css=\u00bb\u00bb]<\/p>\n<p style=\"text-align: center;\">Nada habla m\u00e1s fuerte que las palabras sinceras de nuestras parejas.<\/p>\n<p style=\"text-align: center;\">Sus experiencias, emociones y momentos inolvidables son el verdadero reflejo de nuestra pasi\u00f3n por crear bodas destino de ensue\u00f1o.<\/p>\n<p style=\"text-align: center;\">Lee sus testimonios y ve porque nos sentimos honradas de ser parte de tantas hermosas historias de amor en San Miguel de Allende.<\/p>\n<p>[\/vc_column_text][\/vc_column][\/vc_row][vc_row][vc_column width=\u00bb1\/2&#8243;][vc_single_image image=\u00bb3057&#8243; img_size=\u00bb500&#215;700&#8243; alignment=\u00bbcenter\u00bb css=\u00bb\u00bb][vc_column_text css=\u00bb\u00bb]<\/p>\n<p class=\"p1\">\u00a1No podemos decir suficientes cosas maravillosas sobre Monserrat Guerrero y su incre\u00edble equipo! Desde el principio, ella demostr\u00f3 un nivel inigualable de profesionalismo, creatividad y atenci\u00f3n al detalle que realmente hizo que nuestra experiencia de planificaci\u00f3n de la boda suave y agradable. Su capacidad para escuchar nuestras ideas y transformarlas en una visi\u00f3n cohesiva fue notable.<\/p>\n<p class=\"p1\">Monse tiene un ojo impecable para el dise\u00f1o y un talento natural para hacer que cada detalle se sienta intencional y hermoso. Ella fue m\u00e1s all\u00e1 para incorporar incluso los peque\u00f1os detalles personales que le pedimos, asegur\u00e1ndose de que nuestra boda se sent\u00eda exclusivamente nuestra. Desde el montaje del lugar a los arreglos florales y el ambiente en general, todo era simplemente impresionante y super\u00f3 nuestras expectativas. Lo que realmente diferencia a Monse es su capacidad para hacer las cosas de manera eficiente y puntual.<\/p>\n<p class=\"p1\">Cada aspecto de nuestra boda estuvo perfectamente coordinado, y su equipo trabaj\u00f3 a la perfecci\u00f3n para asegurarse de que todo saliera a la perfecci\u00f3n. Gracias a Monserrat, pudimos disfrutar de cada minuto del fin de semana de nuestra boda sin preocuparnos de nada. Si est\u00e1s buscando a alguien que haga realidad la boda de tus sue\u00f1os con precisi\u00f3n, creatividad y gracia, no busques m\u00e1s. \u00a1Ella es realmente la mejor en el negocio!<\/p>\n<p class=\"p1\" style=\"text-align: right;\"><em><strong>-Brenda &amp; JayJ<\/strong><\/em><\/p>\n<p>[\/vc_column_text][\/vc_column][vc_column width=\u00bb1\/2&#8243;][vc_single_image image=\u00bb3063&#8243; img_size=\u00bb500&#215;700&#8243; alignment=\u00bbcenter\u00bb css=\u00bb\u00bb][vc_column_text css=\u00bb\u00bb]<\/p>\n<p class=\"p1\">\u00a1Trabajar con Monse y su incre\u00edble equipo, (Andre), fue sin duda una de las mejores decisiones que tomamos para nuestra boda! Desde la primera sesi\u00f3n de planificaci\u00f3n que fue por encima y m\u00e1s all\u00e1 para asegurarse de que nuestro d\u00eda especial fue nada menos que la perfecci\u00f3n. Monse tom\u00f3 el tiempo para entender realmente nuestra visi\u00f3n y lo trajo a la vida de manera que super\u00f3 nuestras expectativas. Desde la decoraci\u00f3n hasta la organizaci\u00f3n de los eventos, cada detalle fue cuidadosamente planeado y ejecutado a la perfecci\u00f3n.<\/p>\n<p class=\"p1\">El equipo trabaj\u00f3 incansablemente detr\u00e1s de escena, permiti\u00e9ndonos relajarnos y disfrutar de cada momento. Crearon un ambiente de calma en medio de la emoci\u00f3n y pudimos centrarnos en la celebraci\u00f3n con nuestros seres queridos, sabiendo que todo estaba completamente cuidado.<\/p>\n<p class=\"p1\">Recomendamos totalmente a Monse y su equipo-son profesionales, creativos y genuinamente apasionados por lo que hacen.<\/p>\n<p class=\"p1\">\u00a1Gracias por hacer que el d\u00eda de nuestra boda fuera todo lo que so\u00f1amos y m\u00e1s!<\/p>\n<p class=\"p1\" style=\"text-align: right;\"><em><strong>-Ioanna &amp; Dan<\/strong><\/em><\/p>\n<p>[\/vc_column_text][\/vc_column][\/vc_row][vc_row][vc_column width=\u00bb1\/2&#8243;][vc_single_image image=\u00bb3059&#8243; img_size=\u00bb500&#215;700&#8243; alignment=\u00bbcenter\u00bb css=\u00bb\u00bb][vc_column_text css=\u00bb\u00bb]<\/p>\n<p class=\"p1\">Monse &amp; Jacky;<\/p>\n<p class=\"p1\">Gracias infinitas por ayudarnos a haber tenido hasta hoy, el mejor fin de semana de nuestras vidas, toooodo fue mucho mejor de lo esper\u00e1bamos e imagin\u00e1bamos.<\/p>\n<p class=\"p1\">En especial Jacky, queremos agradecerte de todo coraz\u00f3n por haber estado con nosotros durante casi un a\u00f1o al pendiente de tooodo, desde lo mas simple hasta lo mas complejo, siempre atenta a cada detalle, siempre d\u00e1ndonos opciones, siempre resolviendo, siempre con disponibilidad y sobre todo, siempre con la MEJOR ACTITUD, no hay palabras suficientes para agradecerte, simplemente GRACIAS gracias&#8230;.<\/p>\n<p class=\"p1\">Monse y Jacky sin duda fueron el mejor equipo que pudimos haber elegido, fue muy f\u00e1cil confiar en personas tan HONESTAS como ustedes, hacen un trabajo muy BONITO y logran hacer que todo el proceso de la organizaci\u00f3n de la boda sea muy ameno y disfrutable, gracias a ambas por haber estado en este capitulo tan especial de nuestras vidas, que seguramente ser\u00e1 uno de los mejores que recodaremos por SIEMPRE.<\/p>\n<p class=\"p1\">Posdata: un agradecimiento especial a todo su staff y proveedores, son los mejores. Saludos y esperamos vernos alg\u00fan d\u00eda de nuevo en SMA.<\/p>\n<p class=\"p1\" style=\"text-align: right;\"><em><strong>-Areli &amp; Alejandro<\/strong><\/em><\/p>\n<p>[\/vc_column_text][\/vc_column][vc_column width=\u00bb1\/2&#8243;][vc_single_image image=\u00bb3071&#8243; img_size=\u00bb500&#215;700&#8243; alignment=\u00bbcenter\u00bb css=\u00bb\u00bb][vc_column_text css=\u00bb\u00bb]<\/p>\n<p class=\"p1\">Fue un sue\u00f1o trabajar con Monse y todo su equipo. La planificaci\u00f3n de una boda de destino de Nueva Orleans se sent\u00eda abrumadora al principio, pero todo cambi\u00f3 una vez que conoc\u00ed a Monse.<\/p>\n<p class=\"p1\">Desde nuestro primer FaceTime, yo sab\u00eda que ella era la planificadora perfecta para nosotros. Su equipo impecablemente orquestado cada evento durante todo el fin de semana de nuestra boda, lo que me permite relajarme y disfrutar realmente el momento sin una sola preocupaci\u00f3n.su atenci\u00f3n al detalle y dedicaci\u00f3n inquebrantable para hacer todo perfecto fue mucho m\u00e1s all\u00e1 de mis expectativas. Gracias a Monse, ahora tenemos los mejores recuerdos de nuestro fin de semana de boda. Para que os hag\u00e1is una idea de lo incre\u00edbles que son: la ma\u00f1ana de nuestra boda, se rompi\u00f3 el enganche de la parte trasera de mi pendiente mientras me preparaba.<\/p>\n<p class=\"p1\">Sin dudarlo, alguien de su equipo sali\u00f3, compr\u00f3 un kit de soldadura, y literalmente sold\u00f3 mi pendiente de nuevo a tiempo para nuestra primera mirada y fotos. Estaremos siempre agradecidos por la extraordinaria experiencia que crearon en San Miguel.<\/p>\n<p class=\"p1\">Nuestros invitados siguen hablando maravillas de lo m\u00e1gico que fue todo el fin de semana.<\/p>\n<p class=\"p1\" style=\"text-align: right;\"><em><strong>-Lauren &amp; Cole<\/strong><\/em><\/p>\n<p>[\/vc_column_text][\/vc_column][\/vc_row][vc_row][vc_column width=\u00bb1\/2&#8243;][vc_single_image image=\u00bb3069&#8243; img_size=\u00bb500&#215;700&#8243; alignment=\u00bbcenter\u00bb css=\u00bb\u00bb][vc_column_text css=\u00bb\u00bb]<\/p>\n<p class=\"p1\">\u00a1Los m\u00e1s fabulosos, experimentados y h\u00e1biles organizadores de bodas en San Miguel!<\/p>\n<p class=\"p1\">Mucha gente tiene al menos una historia sobre algo que sali\u00f3 mal en su boda, \u00a1pero no podemos decir lo mismo gracias a Monse y Jenn!<\/p>\n<p class=\"p1\">Nuestra boda se llev\u00f3 a cabo sin ning\u00fan contratiempo.<\/p>\n<p class=\"p1\">Desde el principio me sent\u00ed c\u00f3moda con Monse y Jenn, ya que vivimos en los EE.UU. y tuvimos que planear todo a distancia.<\/p>\n<p class=\"p1\">Cumplieron con todo lo que necesitaba y quer\u00eda. Fue realmente el d\u00eda m\u00e1s hermoso y especial de nuestras vidas &#8211; \u00a1se lo debemos a este incre\u00edble equipo!<\/p>\n<p class=\"p1\" style=\"text-align: right;\"><em><strong>-Sara &amp; Ben<\/strong><\/em><\/p>\n<p>[\/vc_column_text][\/vc_column][vc_column width=\u00bb1\/2&#8243;][vc_single_image image=\u00bb3061&#8243; img_size=\u00bb500&#215;700&#8243; alignment=\u00bbcenter\u00bb css=\u00bb\u00bb][vc_column_text css=\u00bb\u00bb]<\/p>\n<p class=\"p1\">Monse y su equipo son los mejores. Con cada detalle, el dise\u00f1o y la est\u00e9tica que quer\u00eda &#8211; que trajo a la vida y m\u00e1s. Todo su equipo es tan amable y estaban all\u00ed en cada paso del camino.<\/p>\n<p class=\"p1\">Nunca tienes que preocuparte por perderte ning\u00fan peque\u00f1o detalle. Todav\u00eda tengo familia y amigos hablando de mi boda hasta el d\u00eda de hoy. Fue tan m\u00e1gica y nada que haya visto antes.<\/p>\n<p class=\"p1\">Mi marido y yo tuvimos mucha suerte de que Monse planeara nuestro d\u00eda especial y no pod\u00edamos pedir m\u00e1s.<\/p>\n<p class=\"p1\" style=\"text-align: right;\"><em><strong>-Cat &amp; Sam<\/strong><\/em><\/p>\n<p>[\/vc_column_text][\/vc_column][\/vc_row][vc_row][vc_column width=\u00bb1\/2&#8243;][vc_single_image image=\u00bb3067&#8243; img_size=\u00bb500&#215;700&#8243; alignment=\u00bbcenter\u00bb css=\u00bb\u00bb][vc_column_text css=\u00bb\u00bb]<\/p>\n<p class=\"p1\">Jen y su equipo estuvieron fenomenales para mi cumplea\u00f1os 40. Entendieron y escucharon exactamente lo que estaba buscando y ejecutaron m\u00e1s all\u00e1 de mi imaginaci\u00f3n. \u00a1Yo recomendar\u00eda encarecidamente para la planificaci\u00f3n de todas las celebraciones!<\/p>\n<p class=\"p1\" style=\"text-align: right;\"><em><strong>-Jennifer Schacht<\/strong><\/em><\/p>\n<p>[\/vc_column_text][\/vc_column][vc_column width=\u00bb1\/2&#8243;][vc_single_image image=\u00bb3065&#8243; img_size=\u00bb500&#215;700&#8243; alignment=\u00bbcenter\u00bb css=\u00bb\u00bb][vc_column_text css=\u00bb\u00bb]<\/p>\n<p class=\"p1\">Monse y su equipo fueron muy atentos y fue un placer trabajar con ellos. Ella es grande con la comunicaci\u00f3n durante todo el proceso y muy complaciente. Si le presentas tu visi\u00f3n, \u00a1ella la har\u00e1 realidad!<\/p>\n<p class=\"p1\" style=\"text-align: right;\"><em><strong>-Jacqueline &amp; Ben<\/strong><\/em><\/p>\n<p>[\/vc_column_text][\/vc_column][\/vc_row]<\/p>\n<\/div>","protected":false},"excerpt":{"rendered":"<p>[vc_row][vc_column][vc_column_text css=\u00bb\u00bb] Nada habla m\u00e1s fuerte que las palabras sinceras de nuestras parejas. Sus experiencias, emociones y momentos inolvidables son el verdadero reflejo de nuestra pasi\u00f3n por crear bodas destino [&hellip;]<\/p>\n","protected":false},"author":2,"featured_media":0,"parent":0,"menu_order":0,"comment_status":"closed","ping_status":"closed","template":"","meta":{"_joinchat":[],"footnotes":""},"class_list":["post-3034","page","type-page","status-publish","hentry"],"yoast_head":"<!-- This site is optimized with the Yoast SEO plugin v26.9 - https:\/\/yoast.com\/product\/yoast-seo-wordpress\/ -->\n<title>Testimoniales - Monserrat Guerrero - Wedding Planner las emociones y experiencias son nuestro reflejo<\/title>\n<meta name=\"description\" content=\"Los testimonios de nuestras parejas relatan el compromiso y pasi\u00f3n por lo que hacemos y lo que nos sentimos de ser parte de su historia\" \/>\n<meta name=\"robots\" content=\"index, follow, max-snippet:-1, max-image-preview:large, max-video-preview:-1\" \/>\n<link rel=\"canonical\" href=\"https:\/\/monserratguerrero.com\/es\/testimoniales\/\" \/>\n<meta property=\"og:locale\" content=\"es_ES\" \/>\n<meta property=\"og:type\" content=\"article\" \/>\n<meta property=\"og:title\" content=\"Testimoniales - Monserrat Guerrero - Wedding Planner las emociones y experiencias son nuestro reflejo\" \/>\n<meta property=\"og:description\" content=\"Los testimonios de nuestras parejas relatan el compromiso y pasi\u00f3n por lo que hacemos y lo que nos sentimos de ser parte de su historia\" \/>\n<meta property=\"og:url\" content=\"https:\/\/monserratguerrero.com\/es\/testimoniales\/\" \/>\n<meta property=\"og:site_name\" content=\"Monserrat Guerrero - Wedding Planner\" \/>\n<meta property=\"article:publisher\" content=\"https:\/\/www.facebook.com\/MonserratGuerreroWP\/\" \/>\n<meta property=\"article:modified_time\" content=\"2025-03-27T05:04:38+00:00\" \/>\n<meta name=\"twitter:card\" content=\"summary_large_image\" \/>\n<meta name=\"twitter:label1\" content=\"Tiempo de lectura\" \/>\n\t<meta name=\"twitter:data1\" content=\"6 minutos\" \/>\n<script type=\"application\/ld+json\" class=\"yoast-schema-graph\">{\"@context\":\"https:\/\/schema.org\",\"@graph\":[{\"@type\":\"WebPage\",\"@id\":\"https:\/\/monserratguerrero.com\/es\/testimoniales\/\",\"url\":\"https:\/\/monserratguerrero.com\/es\/testimoniales\/\",\"name\":\"Testimoniales - Monserrat Guerrero - Wedding Planner las emociones y experiencias son nuestro reflejo\",\"isPartOf\":{\"@id\":\"https:\/\/monserratguerrero.com\/es\/#website\"},\"datePublished\":\"2025-03-12T16:18:05+00:00\",\"dateModified\":\"2025-03-27T05:04:38+00:00\",\"description\":\"Los testimonios de nuestras parejas relatan el compromiso y pasi\u00f3n por lo que hacemos y lo que nos sentimos de ser parte de su historia\",\"breadcrumb\":{\"@id\":\"https:\/\/monserratguerrero.com\/es\/testimoniales\/#breadcrumb\"},\"inLanguage\":\"es\",\"potentialAction\":[{\"@type\":\"ReadAction\",\"target\":[\"https:\/\/monserratguerrero.com\/es\/testimoniales\/\"]}]},{\"@type\":\"BreadcrumbList\",\"@id\":\"https:\/\/monserratguerrero.com\/es\/testimoniales\/#breadcrumb\",\"itemListElement\":[{\"@type\":\"ListItem\",\"position\":1,\"name\":\"Portada\",\"item\":\"https:\/\/monserratguerrero.com\/es\/\"},{\"@type\":\"ListItem\",\"position\":2,\"name\":\"Testimoniales\"}]},{\"@type\":\"WebSite\",\"@id\":\"https:\/\/monserratguerrero.com\/es\/#website\",\"url\":\"https:\/\/monserratguerrero.com\/es\/\",\"name\":\"Monserrat Guerrero - Wedding Planner\",\"description\":\"Wedding Planner\",\"publisher\":{\"@id\":\"https:\/\/monserratguerrero.com\/es\/#organization\"},\"potentialAction\":[{\"@type\":\"SearchAction\",\"target\":{\"@type\":\"EntryPoint\",\"urlTemplate\":\"https:\/\/monserratguerrero.com\/es\/?s={search_term_string}\"},\"query-input\":{\"@type\":\"PropertyValueSpecification\",\"valueRequired\":true,\"valueName\":\"search_term_string\"}}],\"inLanguage\":\"es\"},{\"@type\":\"Organization\",\"@id\":\"https:\/\/monserratguerrero.com\/es\/#organization\",\"name\":\"Monserrat Guerrero - Wedding Planner\",\"url\":\"https:\/\/monserratguerrero.com\/es\/\",\"logo\":{\"@type\":\"ImageObject\",\"inLanguage\":\"es\",\"@id\":\"https:\/\/monserratguerrero.com\/es\/#\/schema\/logo\/image\/\",\"url\":\"https:\/\/monserratguerrero.com\/wp-content\/uploads\/2025\/03\/Logo-MGWP.jpg\",\"contentUrl\":\"https:\/\/monserratguerrero.com\/wp-content\/uploads\/2025\/03\/Logo-MGWP.jpg\",\"width\":1080,\"height\":1920,\"caption\":\"Monserrat Guerrero - Wedding Planner\"},\"image\":{\"@id\":\"https:\/\/monserratguerrero.com\/es\/#\/schema\/logo\/image\/\"},\"sameAs\":[\"https:\/\/www.facebook.com\/MonserratGuerreroWP\/\",\"https:\/\/www.instagram.com\/monserratguerreroweddings\/\",\"https:\/\/g.co\/kgs\/toVgfwo\"]}]}<\/script>\n<!-- \/ Yoast SEO plugin. -->","yoast_head_json":{"title":"Testimoniales - Monserrat Guerrero - Wedding Planner las emociones y experiencias son nuestro reflejo","description":"Los testimonios de nuestras parejas relatan el compromiso y pasi\u00f3n por lo que hacemos y lo que nos sentimos de ser parte de su historia","robots":{"index":"index","follow":"follow","max-snippet":"max-snippet:-1","max-image-preview":"max-image-preview:large","max-video-preview":"max-video-preview:-1"},"canonical":"https:\/\/monserratguerrero.com\/es\/testimoniales\/","og_locale":"es_ES","og_type":"article","og_title":"Testimoniales - Monserrat Guerrero - Wedding Planner las emociones y experiencias son nuestro reflejo","og_description":"Los testimonios de nuestras parejas relatan el compromiso y pasi\u00f3n por lo que hacemos y lo que nos sentimos de ser parte de su historia","og_url":"https:\/\/monserratguerrero.com\/es\/testimoniales\/","og_site_name":"Monserrat Guerrero - Wedding Planner","article_publisher":"https:\/\/www.facebook.com\/MonserratGuerreroWP\/","article_modified_time":"2025-03-27T05:04:38+00:00","twitter_card":"summary_large_image","twitter_misc":{"Tiempo de lectura":"6 minutos"},"schema":{"@context":"https:\/\/schema.org","@graph":[{"@type":"WebPage","@id":"https:\/\/monserratguerrero.com\/es\/testimoniales\/","url":"https:\/\/monserratguerrero.com\/es\/testimoniales\/","name":"Testimoniales - Monserrat Guerrero - Wedding Planner las emociones y experiencias son nuestro reflejo","isPartOf":{"@id":"https:\/\/monserratguerrero.com\/es\/#website"},"datePublished":"2025-03-12T16:18:05+00:00","dateModified":"2025-03-27T05:04:38+00:00","description":"Los testimonios de nuestras parejas relatan el compromiso y pasi\u00f3n por lo que hacemos y lo que nos sentimos de ser parte de su historia","breadcrumb":{"@id":"https:\/\/monserratguerrero.com\/es\/testimoniales\/#breadcrumb"},"inLanguage":"es","potentialAction":[{"@type":"ReadAction","target":["https:\/\/monserratguerrero.com\/es\/testimoniales\/"]}]},{"@type":"BreadcrumbList","@id":"https:\/\/monserratguerrero.com\/es\/testimoniales\/#breadcrumb","itemListElement":[{"@type":"ListItem","position":1,"name":"Portada","item":"https:\/\/monserratguerrero.com\/es\/"},{"@type":"ListItem","position":2,"name":"Testimoniales"}]},{"@type":"WebSite","@id":"https:\/\/monserratguerrero.com\/es\/#website","url":"https:\/\/monserratguerrero.com\/es\/","name":"Monserrat Guerrero - Wedding Planner","description":"Wedding Planner","publisher":{"@id":"https:\/\/monserratguerrero.com\/es\/#organization"},"potentialAction":[{"@type":"SearchAction","target":{"@type":"EntryPoint","urlTemplate":"https:\/\/monserratguerrero.com\/es\/?s={search_term_string}"},"query-input":{"@type":"PropertyValueSpecification","valueRequired":true,"valueName":"search_term_string"}}],"inLanguage":"es"},{"@type":"Organization","@id":"https:\/\/monserratguerrero.com\/es\/#organization","name":"Monserrat Guerrero - Wedding Planner","url":"https:\/\/monserratguerrero.com\/es\/","logo":{"@type":"ImageObject","inLanguage":"es","@id":"https:\/\/monserratguerrero.com\/es\/#\/schema\/logo\/image\/","url":"https:\/\/monserratguerrero.com\/wp-content\/uploads\/2025\/03\/Logo-MGWP.jpg","contentUrl":"https:\/\/monserratguerrero.com\/wp-content\/uploads\/2025\/03\/Logo-MGWP.jpg","width":1080,"height":1920,"caption":"Monserrat Guerrero - Wedding Planner"},"image":{"@id":"https:\/\/monserratguerrero.com\/es\/#\/schema\/logo\/image\/"},"sameAs":["https:\/\/www.facebook.com\/MonserratGuerreroWP\/","https:\/\/www.instagram.com\/monserratguerreroweddings\/","https:\/\/g.co\/kgs\/toVgfwo"]}]}},"_links":{"self":[{"href":"https:\/\/monserratguerrero.com\/es\/wp-json\/wp\/v2\/pages\/3034","targetHints":{"allow":["GET"]}}],"collection":[{"href":"https:\/\/monserratguerrero.com\/es\/wp-json\/wp\/v2\/pages"}],"about":[{"href":"https:\/\/monserratguerrero.com\/es\/wp-json\/wp\/v2\/types\/page"}],"author":[{"embeddable":true,"href":"https:\/\/monserratguerrero.com\/es\/wp-json\/wp\/v2\/users\/2"}],"replies":[{"embeddable":true,"href":"https:\/\/monserratguerrero.com\/es\/wp-json\/wp\/v2\/comments?post=3034"}],"version-history":[{"count":9,"href":"https:\/\/monserratguerrero.com\/es\/wp-json\/wp\/v2\/pages\/3034\/revisions"}],"predecessor-version":[{"id":3125,"href":"https:\/\/monserratguerrero.com\/es\/wp-json\/wp\/v2\/pages\/3034\/revisions\/3125"}],"wp:attachment":[{"href":"https:\/\/monserratguerrero.com\/es\/wp-json\/wp\/v2\/media?parent=3034"}],"curies":[{"name":"wp","href":"https:\/\/api.w.org\/{rel}","templated":true}]}}