{"id":376,"date":"2017-01-22T15:34:01","date_gmt":"2017-01-22T15:34:01","guid":{"rendered":"http:\/\/wedding-planner.freevision.me\/?page_id=376"},"modified":"2025-03-26T21:54:38","modified_gmt":"2025-03-27T03:54:38","slug":"acercademi","status":"publish","type":"page","link":"https:\/\/monserratguerrero.com\/es\/about\/acercademi\/","title":{"rendered":"Acerca de mi"},"content":{"rendered":"<div class=\"wpb-content-wrapper\"><p>[vc_row][vc_column][vc_empty_space][\/vc_column][\/vc_row][vc_row css=\u00bb.vc_custom_1676935432186{padding-right: 10% !important;padding-bottom: 100px !important;padding-left: 10% !important;}\u00bb][vc_column width=\u00bb1\/2&#8243;][vc_text_separator title=\u00bb\u00bfQui\u00e9n soy?\u00bb color=\u00bbcustom\u00bb accent_color=\u00bb#be90a2&#8243;][vc_single_image image=\u00bb1809&#8243; img_size=\u00bblarge\u00bb css=\u00bb\u00bb][vc_row_inner][vc_column_inner width=\u00bb1\/3&#8243;][\/vc_column_inner][vc_column_inner width=\u00bb1\/3&#8243;][\/vc_column_inner][\/vc_row_inner][vc_separator color=\u00bbcustom\u00bb accent_color=\u00bb#be90a2&#8243;][vc_column_text css=\u00bb\u00bb]<\/p>\n<p style=\"text-align: center;\"><em>Monserrat Guerrero CEO &amp; Wedding Creator<\/em><\/p>\n<p>[\/vc_column_text][\/vc_column][vc_column width=\u00bb1\/2&#8243;][vc_column_text css=\u00bb\u00bb]<\/p>\n<p class=\"p1\" style=\"text-align: left;\"><b>WEDDING PLANNER<\/b><\/p>\n<p style=\"font-weight: 400; text-align: left;\">Soy Monserrat Guerrero, creadora de esta empresa especializada en la planeaci\u00f3n de bodas destino en San Miguel de Allende. Mi pasi\u00f3n es transformar momentos especiales en recuerdos inolvidables. Con a\u00f1os de experiencia y certificaciones, me enorgullezco de ofrecer un enfoque profesional que refleja la esencia de cada pareja.<\/p>\n<p style=\"font-weight: 400; text-align: left;\">\u00a0Ayudamos a parejas que buscan una boda completamente personalizada, donde cada detalle refleje su esencia y estilo \u00fanico. Nos especializamos en crear experiencias en este destino lleno de encanto, San Miguel de Allende, haciendo que cada celebraci\u00f3n sea tan especial y \u00fanica como su historia de amor.<\/p>\n<p style=\"font-weight: 400; text-align: left;\">\u00a0Trabajamos contigo desde el principio para entender tu visi\u00f3n y convertirla en realidad. Desde la selecci\u00f3n del lugar hasta la coordinaci\u00f3n de proveedores, decoraci\u00f3n y log\u00edstica, nuestro equipo se encarga de todo para que puedas disfrutar de cada momento sin estr\u00e9s.<\/p>\n<p style=\"font-weight: 400; text-align: left;\">\u00a0\u00bfListos para comenzar a planear la boda de sus sue\u00f1os?<\/p>\n<p style=\"font-weight: 400; text-align: left;\"><strong> \u00a1Escr\u00edbenos y hagamos que suceda! <\/strong><\/p>\n<p style=\"font-weight: 400; text-align: left;\">Te retamos a imaginar tu d\u00eda perfecto, y nosotros nos encargamos de hacer realidad cada detalle.<\/p>\n<p>[\/vc_column_text][\/vc_column][\/vc_row]<\/p>\n<\/div>","protected":false},"excerpt":{"rendered":"<p>[vc_row][vc_column][vc_empty_space][\/vc_column][\/vc_row][vc_row css=\u00bb.vc_custom_1676935432186{padding-right: 10% !important;padding-bottom: 100px !important;padding-left: 10% !important;}\u00bb][vc_column width=\u00bb1\/2&#8243;][vc_text_separator title=\u00bb\u00bfQui\u00e9n soy?\u00bb color=\u00bbcustom\u00bb accent_color=\u00bb#be90a2&#8243;][vc_single_image image=\u00bb1809&#8243; img_size=\u00bblarge\u00bb css=\u00bb\u00bb][vc_row_inner][vc_column_inner width=\u00bb1\/3&#8243;][\/vc_column_inner][vc_column_inner width=\u00bb1\/3&#8243;][\/vc_column_inner][\/vc_row_inner][vc_separator color=\u00bbcustom\u00bb accent_color=\u00bb#be90a2&#8243;][vc_column_text css=\u00bb\u00bb] Monserrat Guerrero CEO &amp; Wedding Creator [\/vc_column_text][\/vc_column][vc_column width=\u00bb1\/2&#8243;][vc_column_text css=\u00bb\u00bb] [&hellip;]<\/p>\n","protected":false},"author":1,"featured_media":0,"parent":296,"menu_order":0,"comment_status":"closed","ping_status":"closed","template":"","meta":{"_joinchat":[],"footnotes":""},"class_list":["post-376","page","type-page","status-publish","hentry"],"yoast_head":"<!-- This site is optimized with the Yoast SEO plugin v26.9 - https:\/\/yoast.com\/product\/yoast-seo-wordpress\/ -->\n<title>Wedding planner en San Miguel de Allende Acerca de mi Monserrat<\/title>\n<meta name=\"description\" content=\"Nos especializamos en crear experiencias en San Miguel de Allende, haciendo que cada celebraci\u00f3n sea inolvidable\" \/>\n<meta name=\"robots\" content=\"index, follow, max-snippet:-1, max-image-preview:large, max-video-preview:-1\" \/>\n<link rel=\"canonical\" href=\"https:\/\/monserratguerrero.com\/es\/about\/acercademi\/\" \/>\n<meta property=\"og:locale\" content=\"es_ES\" \/>\n<meta property=\"og:type\" content=\"article\" \/>\n<meta property=\"og:title\" content=\"Wedding planner en San Miguel de Allende Acerca de mi Monserrat\" \/>\n<meta property=\"og:description\" content=\"Nos especializamos en crear experiencias en San Miguel de Allende, haciendo que cada celebraci\u00f3n sea inolvidable\" \/>\n<meta property=\"og:url\" content=\"https:\/\/monserratguerrero.com\/es\/about\/acercademi\/\" \/>\n<meta property=\"og:site_name\" content=\"Monserrat Guerrero - Wedding Planner\" \/>\n<meta property=\"article:publisher\" content=\"https:\/\/www.facebook.com\/MonserratGuerreroWP\/\" \/>\n<meta property=\"article:modified_time\" content=\"2025-03-27T03:54:38+00:00\" \/>\n<meta name=\"twitter:card\" content=\"summary_large_image\" \/>\n<meta name=\"twitter:label1\" content=\"Tiempo de lectura\" \/>\n\t<meta name=\"twitter:data1\" content=\"2 minutos\" \/>\n<script type=\"application\/ld+json\" class=\"yoast-schema-graph\">{\"@context\":\"https:\/\/schema.org\",\"@graph\":[{\"@type\":\"WebPage\",\"@id\":\"https:\/\/monserratguerrero.com\/es\/about\/acercademi\/\",\"url\":\"https:\/\/monserratguerrero.com\/es\/about\/acercademi\/\",\"name\":\"Wedding planner en San Miguel de Allende Acerca de mi Monserrat\",\"isPartOf\":{\"@id\":\"https:\/\/monserratguerrero.com\/es\/#website\"},\"datePublished\":\"2017-01-22T15:34:01+00:00\",\"dateModified\":\"2025-03-27T03:54:38+00:00\",\"description\":\"Nos especializamos en crear experiencias en San Miguel de Allende, haciendo que cada celebraci\u00f3n sea inolvidable\",\"breadcrumb\":{\"@id\":\"https:\/\/monserratguerrero.com\/es\/about\/acercademi\/#breadcrumb\"},\"inLanguage\":\"es\",\"potentialAction\":[{\"@type\":\"ReadAction\",\"target\":[\"https:\/\/monserratguerrero.com\/es\/about\/acercademi\/\"]}]},{\"@type\":\"BreadcrumbList\",\"@id\":\"https:\/\/monserratguerrero.com\/es\/about\/acercademi\/#breadcrumb\",\"itemListElement\":[{\"@type\":\"ListItem\",\"position\":1,\"name\":\"Portada\",\"item\":\"https:\/\/monserratguerrero.com\/es\/\"},{\"@type\":\"ListItem\",\"position\":2,\"name\":\"ABOUT\",\"item\":\"https:\/\/monserratguerrero.com\/es\/about\/\"},{\"@type\":\"ListItem\",\"position\":3,\"name\":\"Acerca de mi\"}]},{\"@type\":\"WebSite\",\"@id\":\"https:\/\/monserratguerrero.com\/es\/#website\",\"url\":\"https:\/\/monserratguerrero.com\/es\/\",\"name\":\"Monserrat Guerrero - Wedding Planner\",\"description\":\"Wedding Planner\",\"publisher\":{\"@id\":\"https:\/\/monserratguerrero.com\/es\/#organization\"},\"potentialAction\":[{\"@type\":\"SearchAction\",\"target\":{\"@type\":\"EntryPoint\",\"urlTemplate\":\"https:\/\/monserratguerrero.com\/es\/?s={search_term_string}\"},\"query-input\":{\"@type\":\"PropertyValueSpecification\",\"valueRequired\":true,\"valueName\":\"search_term_string\"}}],\"inLanguage\":\"es\"},{\"@type\":\"Organization\",\"@id\":\"https:\/\/monserratguerrero.com\/es\/#organization\",\"name\":\"Monserrat Guerrero - Wedding Planner\",\"url\":\"https:\/\/monserratguerrero.com\/es\/\",\"logo\":{\"@type\":\"ImageObject\",\"inLanguage\":\"es\",\"@id\":\"https:\/\/monserratguerrero.com\/es\/#\/schema\/logo\/image\/\",\"url\":\"https:\/\/monserratguerrero.com\/wp-content\/uploads\/2025\/03\/Logo-MGWP.jpg\",\"contentUrl\":\"https:\/\/monserratguerrero.com\/wp-content\/uploads\/2025\/03\/Logo-MGWP.jpg\",\"width\":1080,\"height\":1920,\"caption\":\"Monserrat Guerrero - Wedding Planner\"},\"image\":{\"@id\":\"https:\/\/monserratguerrero.com\/es\/#\/schema\/logo\/image\/\"},\"sameAs\":[\"https:\/\/www.facebook.com\/MonserratGuerreroWP\/\",\"https:\/\/www.instagram.com\/monserratguerreroweddings\/\",\"https:\/\/g.co\/kgs\/toVgfwo\"]}]}<\/script>\n<!-- \/ Yoast SEO plugin. -->","yoast_head_json":{"title":"Wedding planner en San Miguel de Allende Acerca de mi Monserrat","description":"Nos especializamos en crear experiencias en San Miguel de Allende, haciendo que cada celebraci\u00f3n sea inolvidable","robots":{"index":"index","follow":"follow","max-snippet":"max-snippet:-1","max-image-preview":"max-image-preview:large","max-video-preview":"max-video-preview:-1"},"canonical":"https:\/\/monserratguerrero.com\/es\/about\/acercademi\/","og_locale":"es_ES","og_type":"article","og_title":"Wedding planner en San Miguel de Allende Acerca de mi Monserrat","og_description":"Nos especializamos en crear experiencias en San Miguel de Allende, haciendo que cada celebraci\u00f3n sea inolvidable","og_url":"https:\/\/monserratguerrero.com\/es\/about\/acercademi\/","og_site_name":"Monserrat Guerrero - Wedding Planner","article_publisher":"https:\/\/www.facebook.com\/MonserratGuerreroWP\/","article_modified_time":"2025-03-27T03:54:38+00:00","twitter_card":"summary_large_image","twitter_misc":{"Tiempo de lectura":"2 minutos"},"schema":{"@context":"https:\/\/schema.org","@graph":[{"@type":"WebPage","@id":"https:\/\/monserratguerrero.com\/es\/about\/acercademi\/","url":"https:\/\/monserratguerrero.com\/es\/about\/acercademi\/","name":"Wedding planner en San Miguel de Allende Acerca de mi Monserrat","isPartOf":{"@id":"https:\/\/monserratguerrero.com\/es\/#website"},"datePublished":"2017-01-22T15:34:01+00:00","dateModified":"2025-03-27T03:54:38+00:00","description":"Nos especializamos en crear experiencias en San Miguel de Allende, haciendo que cada celebraci\u00f3n sea inolvidable","breadcrumb":{"@id":"https:\/\/monserratguerrero.com\/es\/about\/acercademi\/#breadcrumb"},"inLanguage":"es","potentialAction":[{"@type":"ReadAction","target":["https:\/\/monserratguerrero.com\/es\/about\/acercademi\/"]}]},{"@type":"BreadcrumbList","@id":"https:\/\/monserratguerrero.com\/es\/about\/acercademi\/#breadcrumb","itemListElement":[{"@type":"ListItem","position":1,"name":"Portada","item":"https:\/\/monserratguerrero.com\/es\/"},{"@type":"ListItem","position":2,"name":"ABOUT","item":"https:\/\/monserratguerrero.com\/es\/about\/"},{"@type":"ListItem","position":3,"name":"Acerca de mi"}]},{"@type":"WebSite","@id":"https:\/\/monserratguerrero.com\/es\/#website","url":"https:\/\/monserratguerrero.com\/es\/","name":"Monserrat Guerrero - Wedding Planner","description":"Wedding Planner","publisher":{"@id":"https:\/\/monserratguerrero.com\/es\/#organization"},"potentialAction":[{"@type":"SearchAction","target":{"@type":"EntryPoint","urlTemplate":"https:\/\/monserratguerrero.com\/es\/?s={search_term_string}"},"query-input":{"@type":"PropertyValueSpecification","valueRequired":true,"valueName":"search_term_string"}}],"inLanguage":"es"},{"@type":"Organization","@id":"https:\/\/monserratguerrero.com\/es\/#organization","name":"Monserrat Guerrero - Wedding Planner","url":"https:\/\/monserratguerrero.com\/es\/","logo":{"@type":"ImageObject","inLanguage":"es","@id":"https:\/\/monserratguerrero.com\/es\/#\/schema\/logo\/image\/","url":"https:\/\/monserratguerrero.com\/wp-content\/uploads\/2025\/03\/Logo-MGWP.jpg","contentUrl":"https:\/\/monserratguerrero.com\/wp-content\/uploads\/2025\/03\/Logo-MGWP.jpg","width":1080,"height":1920,"caption":"Monserrat Guerrero - Wedding Planner"},"image":{"@id":"https:\/\/monserratguerrero.com\/es\/#\/schema\/logo\/image\/"},"sameAs":["https:\/\/www.facebook.com\/MonserratGuerreroWP\/","https:\/\/www.instagram.com\/monserratguerreroweddings\/","https:\/\/g.co\/kgs\/toVgfwo"]}]}},"_links":{"self":[{"href":"https:\/\/monserratguerrero.com\/es\/wp-json\/wp\/v2\/pages\/376","targetHints":{"allow":["GET"]}}],"collection":[{"href":"https:\/\/monserratguerrero.com\/es\/wp-json\/wp\/v2\/pages"}],"about":[{"href":"https:\/\/monserratguerrero.com\/es\/wp-json\/wp\/v2\/types\/page"}],"author":[{"embeddable":true,"href":"https:\/\/monserratguerrero.com\/es\/wp-json\/wp\/v2\/users\/1"}],"replies":[{"embeddable":true,"href":"https:\/\/monserratguerrero.com\/es\/wp-json\/wp\/v2\/comments?post=376"}],"version-history":[{"count":38,"href":"https:\/\/monserratguerrero.com\/es\/wp-json\/wp\/v2\/pages\/376\/revisions"}],"predecessor-version":[{"id":3122,"href":"https:\/\/monserratguerrero.com\/es\/wp-json\/wp\/v2\/pages\/376\/revisions\/3122"}],"up":[{"embeddable":true,"href":"https:\/\/monserratguerrero.com\/es\/wp-json\/wp\/v2\/pages\/296"}],"wp:attachment":[{"href":"https:\/\/monserratguerrero.com\/es\/wp-json\/wp\/v2\/media?parent=376"}],"curies":[{"name":"wp","href":"https:\/\/api.w.org\/{rel}","templated":true}]}}