{"id":606,"date":"2017-01-24T10:27:26","date_gmt":"2017-01-24T10:27:26","guid":{"rendered":"http:\/\/wedding-planner.freevision.me\/?page_id=606"},"modified":"2025-03-13T13:19:05","modified_gmt":"2025-03-13T19:19:05","slug":"contacto","status":"publish","type":"page","link":"https:\/\/monserratguerrero.com\/es\/contacto\/","title":{"rendered":"CONTACTO"},"content":{"rendered":"<div class=\"wpb-content-wrapper\"><p>[vc_row][vc_column]<div class=\"ozy-content-divider \" style=\"border-top-style:solid;border-top-width:2px;border-top-color:#c09e6f!important;width:40px;max-width:40px;margin:20px auto;\"><\/div>[vc_column_text css=\u00bb.vc_custom_1728353440675{margin-bottom: 30px !important;}\u00bb]<\/p>\n<p style=\"font-weight: 400; text-align: center;\">\u00a1Hagamos realidad tu boda so\u00f1ada!<\/p>\n<p style=\"font-weight: 400; text-align: center;\">Si est\u00e1s listo para dar el primer paso hacia la boda de tus sue\u00f1os en San Miguel de Allende, queremos escucharte.<\/p>\n<p style=\"font-weight: 400; text-align: center;\">\u00a1Nos encantar\u00eda ser parte de este momento tan especial!<\/p>\n<p style=\"font-weight: 400; text-align: center;\">Escr\u00edbenos y cu\u00e9ntanos tu visi\u00f3n; nosotros nos encargamos de hacerla realidad.<\/p>\n<p style=\"font-weight: 400; text-align: center;\">\u00a1No dejes pasar m\u00e1s tiempo! Estamos aqu\u00ed para responder cualquier pregunta y comenzar a planear uno de los d\u00edas m\u00e1s importantes de tu vida.<\/p>\n<p>[\/vc_column_text]\n<div class=\"wpcf7 no-js\" id=\"wpcf7-f5-o1\" lang=\"en-US\" dir=\"ltr\" data-wpcf7-id=\"5\">\n<div class=\"screen-reader-response\"><p role=\"status\" aria-live=\"polite\" aria-atomic=\"true\"><\/p> <ul><\/ul><\/div>\n<form action=\"\/es\/wp-json\/wp\/v2\/pages\/606#wpcf7-f5-o1\" method=\"post\" class=\"wpcf7-form init\" aria-label=\"Contact form\" novalidate=\"novalidate\" data-status=\"init\">\n<fieldset class=\"hidden-fields-container\"><input type=\"hidden\" name=\"_wpcf7\" value=\"5\" \/><input type=\"hidden\" name=\"_wpcf7_version\" value=\"6.1.5\" \/><input type=\"hidden\" name=\"_wpcf7_locale\" value=\"en_US\" \/><input type=\"hidden\" name=\"_wpcf7_unit_tag\" value=\"wpcf7-f5-o1\" \/><input type=\"hidden\" name=\"_wpcf7_container_post\" value=\"0\" \/><input type=\"hidden\" name=\"_wpcf7_posted_data_hash\" value=\"\" \/><input type=\"hidden\" name=\"_wpcf7_recaptcha_response\" value=\"\" \/>\n<\/fieldset>\n<p class=\"ozy-half-input\"><span class=\"wpcf7-form-control-wrap\" data-name=\"tu-nombre\"><input size=\"40\" maxlength=\"400\" class=\"wpcf7-form-control wpcf7-text wpcf7-validates-as-required\" aria-required=\"true\" aria-invalid=\"false\" placeholder=\"Tu Nombre *\" value=\"\" type=\"text\" name=\"tu-nombre\" \/><\/span>\n<\/p>\n<p class=\"ozy-half-input-last\"><span class=\"wpcf7-form-control-wrap\" data-name=\"tu-ubicacion\"><input size=\"40\" maxlength=\"400\" class=\"wpcf7-form-control wpcf7-text wpcf7-validates-as-required\" aria-required=\"true\" aria-invalid=\"false\" placeholder=\"Tu Ubicacion *\" value=\"\" type=\"text\" name=\"tu-ubicacion\" \/><\/span>\n<\/p>\n<p class=\"ozy-half-input\"><span class=\"wpcf7-form-control-wrap\" data-name=\"tu-telefono\"><input size=\"40\" maxlength=\"400\" class=\"wpcf7-form-control wpcf7-text wpcf7-validates-as-required\" aria-required=\"true\" aria-invalid=\"false\" placeholder=\"Tu telefono *\" value=\"\" type=\"text\" name=\"tu-telefono\" \/><\/span>\n<\/p>\n<p class=\"ozy-half-input-last\"><span class=\"wpcf7-form-control-wrap\" data-name=\"tu-email\"><input size=\"40\" maxlength=\"400\" class=\"wpcf7-form-control wpcf7-email wpcf7-validates-as-required wpcf7-text wpcf7-validates-as-email\" aria-required=\"true\" aria-invalid=\"false\" placeholder=\"Tu Email *\" value=\"\" type=\"email\" name=\"tu-email\" \/><\/span>\n<\/p>\n<p class=\"ozy-half-input\"><span class=\"wpcf7-form-control-wrap\" data-name=\"menu-297\"><select class=\"wpcf7-form-control wpcf7-select wpcf7-validates-as-required\" aria-required=\"true\" aria-invalid=\"false\" name=\"menu-297\"><option value=\"Estilo selecto\">Estilo selecto<\/option><option value=\"Lujo, elegante\">Lujo, elegante<\/option><option value=\"Moderno, elegante\">Moderno, elegante<\/option><option value=\"Natural, forestal\">Natural, forestal<\/option><option value=\"R\u00fastico bohemio, vintage\">R\u00fastico bohemio, vintage<\/option><option value=\"Simplificado, minimalista\">Simplificado, minimalista<\/option><option value=\"Tradicional, cultural\">Tradicional, cultural<\/option><option value=\"Cualquier cosa que creas que es buena\">Cualquier cosa que creas que es buena<\/option><option value=\"A\u00fan no lo s\u00e9\">A\u00fan no lo s\u00e9<\/option><option value=\"Por confirmar\">Por confirmar<\/option><\/select><\/span>\n<\/p>\n<p class=\"ozy-half-input-last\"><span class=\"wpcf7-form-control-wrap\" data-name=\"menu-610\"><select class=\"wpcf7-form-control wpcf7-select\" aria-invalid=\"false\" name=\"menu-610\"><option value=\"Lugar preferido\">Lugar preferido<\/option><option value=\"Casa Cien\">Casa Cien<\/option><option value=\"Casa Adela\">Casa Adela<\/option><option value=\"Casa Hyder\">Casa Hyder<\/option><option value=\"Casa Parque Belmond\">Casa Parque Belmond<\/option><option value=\"Rosewood\">Rosewood<\/option><option value=\"Live Aqua\">Live Aqua<\/option><option value=\"Instituto Allende\">Instituto Allende<\/option><option value=\"Villa Santa Monica\">Villa Santa Monica<\/option><option value=\"Feliciana\">Feliciana<\/option><option value=\"Hacienda Los Arc\u00e1ngeles\">Hacienda Los Arc\u00e1ngeles<\/option><option value=\"Herencia de Allende\">Herencia de Allende<\/option><option value=\"Las Sabinas\">Las Sabinas<\/option><option value=\"San Jos\u00e9 La Vista\">San Jos\u00e9 La Vista<\/option><option value=\"Luna Escondida\">Luna Escondida<\/option><\/select><\/span>\n<\/p>\n<p class=\"ozy-half-input\"><span class=\"wpcf7-form-control-wrap\" data-name=\"fecha-evento\"><input size=\"40\" maxlength=\"400\" class=\"wpcf7-form-control wpcf7-text wpcf7-validates-as-required\" aria-required=\"true\" aria-invalid=\"false\" placeholder=\"Fecha de evento preferida*\" value=\"\" type=\"text\" name=\"fecha-evento\" \/><\/span>\n<\/p>\n<p class=\"ozy-half-input-last\"><span class=\"wpcf7-form-control-wrap\" data-name=\"tu-presupuesto\"><input size=\"40\" maxlength=\"400\" class=\"wpcf7-form-control wpcf7-text wpcf7-validates-as-required\" aria-required=\"true\" aria-invalid=\"false\" placeholder=\"Presupuesto Aprox (USD)*\" value=\"\" type=\"text\" name=\"tu-presupuesto\" \/><\/span>\n<\/p>\n<p class=\"ozy-full-input\"><span class=\"wpcf7-form-control-wrap\" data-name=\"tu-mensaje\"><textarea cols=\"40\" rows=\"3\" maxlength=\"2000\" class=\"wpcf7-form-control wpcf7-textarea\" aria-invalid=\"false\" placeholder=\"Cu\u00e9ntanos m\u00e1s\" name=\"tu-mensaje\"><\/textarea><\/span>\n<\/p>\n<p class=\"ozy-full-input-center\"><input class=\"wpcf7-form-control wpcf7-submit has-spinner\" type=\"submit\" value=\"Enviar\" \/>\n<\/p><div class=\"wpcf7-response-output\" aria-hidden=\"true\"><\/div>\n<\/form>\n<\/div>\n[vc_column_text css=\u00bb.vc_custom_1676935884836{margin-top: 0px !important;margin-bottom: 30px !important;padding-top: 0px !important;}\u00bb]<\/p>\n<p style=\"text-align: center;\"><strong><span style=\"font-size: 10pt;\">Completa los campos requeridos *<\/span><\/strong><\/p>\n<p>[\/vc_column_text][\/vc_column][\/vc_row][vc_row css=\u00bb.vc_custom_1485254065501{margin-top: 0px !important;margin-bottom: 0px !important;padding-top: 60px !important;padding-bottom: 60px !important;}\u00bb][vc_column width=\u00bb1\/3&#8243;]<div id=\"tile-with-icon_icon485\" class=\"title-with-icon-wrapper clear large \" data-color=\"\">\r\n\t\t\t<div class=\"wpb_content_element title-with-icon clearfix margin-bottom-0 \"><span  style=\"color:#c09e6f !important;background-color: !important;\" class=\"oic-location-1 clear large \" ><\/span><h3 style=\"color:#000000\">Ubicaci\u00f3n<\/h3>\r\n\t\t\t<\/div><div class=\"wpb_content_element left-cs title-with-icon-content large clearfix\" style=\"color:#000000\">San Miguel de Allende, Guanajuato.<\/div><\/div>[\/vc_column][vc_column width=\u00bb1\/3&#8243;]<div id=\"tile-with-icon_icon8650\" class=\"title-with-icon-wrapper clear large \" data-color=\"\">\r\n\t\t\t<div class=\"wpb_content_element title-with-icon clearfix margin-bottom-0 \"><span  style=\"color:#c09e6f !important;background-color: !important;\" class=\"oic-telephone clear large \" ><\/span><h3 style=\"color:#000000\">Tel\u00e9fono<\/h3>\r\n\t\t\t<\/div><div class=\"wpb_content_element left-cs title-with-icon-content large clearfix\" style=\"color:#000000\"><strong>Tel\u00e9fono:<\/strong> +52 (418) 103 4448<\/p>\n<p><strong>Whatsapp: <a href=\"https:\/\/bit.ly\/419314R\">+52 (418) 103 4448<\/a><\/strong><\/div><\/div>[\/vc_column][vc_column width=\u00bb1\/3&#8243;]<div id=\"tile-with-icon_icon2192\" class=\"title-with-icon-wrapper clear large \" data-color=\"\">\r\n\t\t\t<div class=\"wpb_content_element title-with-icon clearfix margin-bottom-0 \"><span  style=\"color:#c09e6f !important;background-color: !important;\" class=\"oic-monitor clear large \" ><\/span><h3 style=\"color:#000000\">Correo<\/h3>\r\n\t\t\t<\/div><div class=\"wpb_content_element left-cs title-with-icon-content large clearfix\" style=\"color:#000000\"><\/p>\n<div class=\"text-xs-left unit-body\">Mail: <a href=\"mailto:hola@monserratguerrero.com\">hola@monserratguerrero.com<\/a><\/div>\n<div class=\"text-xs-left unit-body\"><\/div>\n<p><\/div><\/div>[\/vc_column][\/vc_row][vc_row full_width=\u00bbstretch_row_content_no_spaces\u00bb][vc_column][vc_single_image image=\u00bb3015&#8243; img_size=\u00bblarge\u00bb alignment=\u00bbcenter\u00bb css=\u00bb\u00bb][\/vc_column][\/vc_row]<\/p>\n<\/div>","protected":false},"excerpt":{"rendered":"<p>[vc_row][vc_column][vc_column_text css=\u00bb.vc_custom_1728353440675{margin-bottom: 30px !important;}\u00bb] \u00a1Hagamos realidad tu boda so\u00f1ada! Si est\u00e1s listo para dar el primer paso hacia la boda de tus sue\u00f1os en San Miguel de Allende, queremos escucharte. [&hellip;]<\/p>\n","protected":false},"author":1,"featured_media":0,"parent":0,"menu_order":0,"comment_status":"closed","ping_status":"closed","template":"","meta":{"_joinchat":[],"footnotes":""},"class_list":["post-606","page","type-page","status-publish","hentry"],"yoast_head":"<!-- This site is optimized with the Yoast SEO plugin v26.9 - https:\/\/yoast.com\/product\/yoast-seo-wordpress\/ -->\n<title>Organizadora de Bodas en San Miguel de Allende<\/title>\n<meta name=\"description\" content=\"Si est\u00e1s listo para dar el primer paso hacia la boda de tus sue\u00f1os en San Miguel de Allende, queremos escucharte. \u00a1Escr\u00edbeme!\" \/>\n<meta name=\"robots\" content=\"index, follow, max-snippet:-1, max-image-preview:large, max-video-preview:-1\" \/>\n<link rel=\"canonical\" href=\"https:\/\/monserratguerrero.com\/es\/contacto\/\" \/>\n<meta property=\"og:locale\" content=\"es_ES\" \/>\n<meta property=\"og:type\" content=\"article\" \/>\n<meta property=\"og:title\" content=\"Organizadora de Bodas en San Miguel de Allende\" \/>\n<meta property=\"og:description\" content=\"Si est\u00e1s listo para dar el primer paso hacia la boda de tus sue\u00f1os en San Miguel de Allende, queremos escucharte. \u00a1Escr\u00edbeme!\" \/>\n<meta property=\"og:url\" content=\"https:\/\/monserratguerrero.com\/es\/contacto\/\" \/>\n<meta property=\"og:site_name\" content=\"Monserrat Guerrero - Wedding Planner\" \/>\n<meta property=\"article:publisher\" content=\"https:\/\/www.facebook.com\/MonserratGuerreroWP\/\" \/>\n<meta property=\"article:modified_time\" content=\"2025-03-13T19:19:05+00:00\" \/>\n<meta name=\"twitter:card\" content=\"summary_large_image\" \/>\n<meta name=\"twitter:label1\" content=\"Tiempo de lectura\" \/>\n\t<meta name=\"twitter:data1\" content=\"1 minuto\" \/>\n<script type=\"application\/ld+json\" class=\"yoast-schema-graph\">{\"@context\":\"https:\/\/schema.org\",\"@graph\":[{\"@type\":\"WebPage\",\"@id\":\"https:\/\/monserratguerrero.com\/es\/contacto\/\",\"url\":\"https:\/\/monserratguerrero.com\/es\/contacto\/\",\"name\":\"Organizadora de Bodas en San Miguel de Allende\",\"isPartOf\":{\"@id\":\"https:\/\/monserratguerrero.com\/es\/#website\"},\"datePublished\":\"2017-01-24T10:27:26+00:00\",\"dateModified\":\"2025-03-13T19:19:05+00:00\",\"description\":\"Si est\u00e1s listo para dar el primer paso hacia la boda de tus sue\u00f1os en San Miguel de Allende, queremos escucharte. \u00a1Escr\u00edbeme!\",\"breadcrumb\":{\"@id\":\"https:\/\/monserratguerrero.com\/es\/contacto\/#breadcrumb\"},\"inLanguage\":\"es\",\"potentialAction\":[{\"@type\":\"ReadAction\",\"target\":[\"https:\/\/monserratguerrero.com\/es\/contacto\/\"]}]},{\"@type\":\"BreadcrumbList\",\"@id\":\"https:\/\/monserratguerrero.com\/es\/contacto\/#breadcrumb\",\"itemListElement\":[{\"@type\":\"ListItem\",\"position\":1,\"name\":\"Portada\",\"item\":\"https:\/\/monserratguerrero.com\/es\/\"},{\"@type\":\"ListItem\",\"position\":2,\"name\":\"CONTACTO\"}]},{\"@type\":\"WebSite\",\"@id\":\"https:\/\/monserratguerrero.com\/es\/#website\",\"url\":\"https:\/\/monserratguerrero.com\/es\/\",\"name\":\"Monserrat Guerrero - Wedding Planner\",\"description\":\"Wedding Planner\",\"publisher\":{\"@id\":\"https:\/\/monserratguerrero.com\/es\/#organization\"},\"potentialAction\":[{\"@type\":\"SearchAction\",\"target\":{\"@type\":\"EntryPoint\",\"urlTemplate\":\"https:\/\/monserratguerrero.com\/es\/?s={search_term_string}\"},\"query-input\":{\"@type\":\"PropertyValueSpecification\",\"valueRequired\":true,\"valueName\":\"search_term_string\"}}],\"inLanguage\":\"es\"},{\"@type\":\"Organization\",\"@id\":\"https:\/\/monserratguerrero.com\/es\/#organization\",\"name\":\"Monserrat Guerrero - Wedding Planner\",\"url\":\"https:\/\/monserratguerrero.com\/es\/\",\"logo\":{\"@type\":\"ImageObject\",\"inLanguage\":\"es\",\"@id\":\"https:\/\/monserratguerrero.com\/es\/#\/schema\/logo\/image\/\",\"url\":\"https:\/\/monserratguerrero.com\/wp-content\/uploads\/2025\/03\/Logo-MGWP.jpg\",\"contentUrl\":\"https:\/\/monserratguerrero.com\/wp-content\/uploads\/2025\/03\/Logo-MGWP.jpg\",\"width\":1080,\"height\":1920,\"caption\":\"Monserrat Guerrero - Wedding Planner\"},\"image\":{\"@id\":\"https:\/\/monserratguerrero.com\/es\/#\/schema\/logo\/image\/\"},\"sameAs\":[\"https:\/\/www.facebook.com\/MonserratGuerreroWP\/\",\"https:\/\/www.instagram.com\/monserratguerreroweddings\/\",\"https:\/\/g.co\/kgs\/toVgfwo\"]}]}<\/script>\n<!-- \/ Yoast SEO plugin. -->","yoast_head_json":{"title":"Organizadora de Bodas en San Miguel de Allende","description":"Si est\u00e1s listo para dar el primer paso hacia la boda de tus sue\u00f1os en San Miguel de Allende, queremos escucharte. \u00a1Escr\u00edbeme!","robots":{"index":"index","follow":"follow","max-snippet":"max-snippet:-1","max-image-preview":"max-image-preview:large","max-video-preview":"max-video-preview:-1"},"canonical":"https:\/\/monserratguerrero.com\/es\/contacto\/","og_locale":"es_ES","og_type":"article","og_title":"Organizadora de Bodas en San Miguel de Allende","og_description":"Si est\u00e1s listo para dar el primer paso hacia la boda de tus sue\u00f1os en San Miguel de Allende, queremos escucharte. \u00a1Escr\u00edbeme!","og_url":"https:\/\/monserratguerrero.com\/es\/contacto\/","og_site_name":"Monserrat Guerrero - Wedding Planner","article_publisher":"https:\/\/www.facebook.com\/MonserratGuerreroWP\/","article_modified_time":"2025-03-13T19:19:05+00:00","twitter_card":"summary_large_image","twitter_misc":{"Tiempo de lectura":"1 minuto"},"schema":{"@context":"https:\/\/schema.org","@graph":[{"@type":"WebPage","@id":"https:\/\/monserratguerrero.com\/es\/contacto\/","url":"https:\/\/monserratguerrero.com\/es\/contacto\/","name":"Organizadora de Bodas en San Miguel de Allende","isPartOf":{"@id":"https:\/\/monserratguerrero.com\/es\/#website"},"datePublished":"2017-01-24T10:27:26+00:00","dateModified":"2025-03-13T19:19:05+00:00","description":"Si est\u00e1s listo para dar el primer paso hacia la boda de tus sue\u00f1os en San Miguel de Allende, queremos escucharte. \u00a1Escr\u00edbeme!","breadcrumb":{"@id":"https:\/\/monserratguerrero.com\/es\/contacto\/#breadcrumb"},"inLanguage":"es","potentialAction":[{"@type":"ReadAction","target":["https:\/\/monserratguerrero.com\/es\/contacto\/"]}]},{"@type":"BreadcrumbList","@id":"https:\/\/monserratguerrero.com\/es\/contacto\/#breadcrumb","itemListElement":[{"@type":"ListItem","position":1,"name":"Portada","item":"https:\/\/monserratguerrero.com\/es\/"},{"@type":"ListItem","position":2,"name":"CONTACTO"}]},{"@type":"WebSite","@id":"https:\/\/monserratguerrero.com\/es\/#website","url":"https:\/\/monserratguerrero.com\/es\/","name":"Monserrat Guerrero - Wedding Planner","description":"Wedding Planner","publisher":{"@id":"https:\/\/monserratguerrero.com\/es\/#organization"},"potentialAction":[{"@type":"SearchAction","target":{"@type":"EntryPoint","urlTemplate":"https:\/\/monserratguerrero.com\/es\/?s={search_term_string}"},"query-input":{"@type":"PropertyValueSpecification","valueRequired":true,"valueName":"search_term_string"}}],"inLanguage":"es"},{"@type":"Organization","@id":"https:\/\/monserratguerrero.com\/es\/#organization","name":"Monserrat Guerrero - Wedding Planner","url":"https:\/\/monserratguerrero.com\/es\/","logo":{"@type":"ImageObject","inLanguage":"es","@id":"https:\/\/monserratguerrero.com\/es\/#\/schema\/logo\/image\/","url":"https:\/\/monserratguerrero.com\/wp-content\/uploads\/2025\/03\/Logo-MGWP.jpg","contentUrl":"https:\/\/monserratguerrero.com\/wp-content\/uploads\/2025\/03\/Logo-MGWP.jpg","width":1080,"height":1920,"caption":"Monserrat Guerrero - Wedding Planner"},"image":{"@id":"https:\/\/monserratguerrero.com\/es\/#\/schema\/logo\/image\/"},"sameAs":["https:\/\/www.facebook.com\/MonserratGuerreroWP\/","https:\/\/www.instagram.com\/monserratguerreroweddings\/","https:\/\/g.co\/kgs\/toVgfwo"]}]}},"_links":{"self":[{"href":"https:\/\/monserratguerrero.com\/es\/wp-json\/wp\/v2\/pages\/606","targetHints":{"allow":["GET"]}}],"collection":[{"href":"https:\/\/monserratguerrero.com\/es\/wp-json\/wp\/v2\/pages"}],"about":[{"href":"https:\/\/monserratguerrero.com\/es\/wp-json\/wp\/v2\/types\/page"}],"author":[{"embeddable":true,"href":"https:\/\/monserratguerrero.com\/es\/wp-json\/wp\/v2\/users\/1"}],"replies":[{"embeddable":true,"href":"https:\/\/monserratguerrero.com\/es\/wp-json\/wp\/v2\/comments?post=606"}],"version-history":[{"count":16,"href":"https:\/\/monserratguerrero.com\/es\/wp-json\/wp\/v2\/pages\/606\/revisions"}],"predecessor-version":[{"id":3022,"href":"https:\/\/monserratguerrero.com\/es\/wp-json\/wp\/v2\/pages\/606\/revisions\/3022"}],"wp:attachment":[{"href":"https:\/\/monserratguerrero.com\/es\/wp-json\/wp\/v2\/media?parent=606"}],"curies":[{"name":"wp","href":"https:\/\/api.w.org\/{rel}","templated":true}]}}