{"id":637,"date":"2017-01-24T12:57:48","date_gmt":"2017-01-24T18:57:48","guid":{"rendered":"http:\/\/wedding-planner.freevision.me\/?page_id=637"},"modified":"2026-02-11T17:30:34","modified_gmt":"2026-02-11T23:30:34","slug":"portafolio","status":"publish","type":"page","link":"https:\/\/monserratguerrero.com\/es\/portafolio\/","title":{"rendered":"Portafolio"},"content":{"rendered":"<div class=\"wpb-content-wrapper\"><p>[vc_row full_width=\u00bbstretch_row\u00bb content_placement=\u00bbbottom\u00bb parallax=\u00bbcontent-moving\u00bb parallax_image=\u00bb3168&#8243; css=\u00bb.vc_custom_1770852623163{margin-top: 0px !important;margin-bottom: 0px !important;padding-top: 200px !important;padding-bottom: 200px !important;}\u00bb][vc_column][\/vc_column][\/vc_row][vc_row][vc_column][vc_column_text css=\u00bb\u00bb]<\/p>\n<div style=\"padding-left: 40px;\">\n<p><span lang=\"ES-TRAD\">Cada boda que planeamos es \u00fanica, dise\u00f1ada con pasi\u00f3n y atenci\u00f3n a cada detalle para reflejar los sue\u00f1os y personalidades de nuestras parejas. Creamos experiencias inolvidables que van m\u00e1s all\u00e1 de lo esperado. Desde la selecci\u00f3n de locaciones emblem\u00e1ticas hasta la decoraci\u00f3n y la coordinaci\u00f3n completa del evento, nuestros servicios abarcan todo lo necesario para que tu d\u00eda especial sea perfecto.<\/span><\/p>\n<\/div>\n<div>\n<p style=\"padding-left: 40px;\"><span lang=\"ES-TRAD\">A continuaci\u00f3n, te invitamos a descubrir algunas de nuestras bodas recientes, donde cada imagen cuenta una historia de amor \u00fanica.<\/span><\/p>\n<\/div>\n<p>[\/vc_column_text][\/vc_column][\/vc_row][vc_row full_width=\u00bbstretch_row_content_no_spaces\u00bb][vc_column width=\u00bb1\/3&#8243;][vc_single_image image=\u00bb2761&#8243; img_size=\u00bbfull\u00bb alignment=\u00bbcenter\u00bb onclick=\u00bbcustom_link\u00bb css=\u00bb.vc_custom_1738273828047{padding-right: 10px !important;padding-left: 10px !important;}\u00bb link=\u00bbhttps:\/\/monserratguerrero.com\/san-miguel-de-allende\/\u00bb][vc_column_text css=\u00bb.vc_custom_1738268740006{padding-right: 40px !important;padding-left: 60px !important;}\u00bb]<\/p>\n<p style=\"text-align: center;\"><strong>Imperdibles en San Miguel\u00a0<\/strong><\/p>\n<p style=\"text-align: left;\"><span style=\"font-size: 10pt;\">San Miguel de Allende es un escenario m\u00e1gico para bodas. Aqu\u00ed te mostramos algunos \u00a0de los lugares m\u00e1s ic\u00f3nicos donde hemos trabajado, desde monumentos hist\u00f3ricos hasta rincones ocultos que hacen de cada boda un evento inolvidable.<\/span><\/p>\n<p>[\/vc_column_text][\/vc_column][vc_column width=\u00bb1\/3&#8243;][vc_single_image image=\u00bb2763&#8243; img_size=\u00bbfull\u00bb alignment=\u00bbcenter\u00bb onclick=\u00bbcustom_link\u00bb css=\u00bb.vc_custom_1738273834631{padding-right: 10px !important;padding-left: 10px !important;}\u00bb link=\u00bbhttps:\/\/monserratguerrero.com\/momentos-especiales\/\u00bb][vc_column_text css=\u00bb.vc_custom_1738268728236{padding-right: 40px !important;padding-left: 40px !important;}\u00bb]<\/p>\n<p style=\"text-align: center;\"><strong>Momentos Especiales<\/strong><\/p>\n<p>Aqu\u00ed capturamos los momentos m\u00e1s emotivos de cada boda: miradas c\u00f3mplices, abrazos sinceros y sonrisas llenas de felicidad. Estos instantes \u00fanicos reflejan las emociones que hacen que cada celebraci\u00f3n sea inolvidable.[\/vc_column_text][\/vc_column][vc_column width=\u00bb1\/3&#8243;][vc_single_image image=\u00bb2773&#8243; img_size=\u00bbfull\u00bb alignment=\u00bbcenter\u00bb onclick=\u00bbcustom_link\u00bb css=\u00bb.vc_custom_1738273848281{padding-right: 10px !important;padding-left: 10px !important;}\u00bb link=\u00bbhttps:\/\/monserratguerrero.com\/ceremonia\/\u00bb][vc_column_text css=\u00bb.vc_custom_1738268734536{padding-right: 60px !important;padding-left: 40px !important;}\u00bb]<\/p>\n<p style=\"text-align: center;\"><strong>Ceremonia<\/strong><\/p>\n<p>La ceremonia es el coraz\u00f3n de cada boda. Aqu\u00ed podr\u00e1s ver im\u00e1genes de los momentos m\u00e1s importantes: desde la entrada de la pareja hasta los votos y la primera salida como esposos. Cada foto captura la esencia de este d\u00eda tan especial.[\/vc_column_text][\/vc_column][\/vc_row][vc_row full_width=\u00bbstretch_row_content_no_spaces\u00bb][vc_column width=\u00bb1\/3&#8243;][vc_single_image image=\u00bb2767&#8243; img_size=\u00bbfull\u00bb alignment=\u00bbcenter\u00bb onclick=\u00bbcustom_link\u00bb css=\u00bb.vc_custom_1738273861613{padding-right: 10px !important;padding-left: 10px !important;}\u00bb link=\u00bbhttps:\/\/monserratguerrero.com\/mgteam\/\u00bb][vc_column_text css=\u00bb.vc_custom_1738268747554{padding-right: 40px !important;padding-left: 60px !important;}\u00bb]<\/p>\n<p style=\"text-align: center;\"><strong>MG team en acci\u00f3n<\/strong><\/p>\n<p>Detr\u00e1s de cada boda espectacular, hay un equipo comprometido. Descubre c\u00f3mo nuestro equipo trabaja en conjunto con proveedores de confianza para crear cada detalle. Aqu\u00ed ver\u00e1s el detr\u00e1s de escenas que hace posible cada evento, siempre cuidando que todo salga perfecto.[\/vc_column_text][\/vc_column][vc_column width=\u00bb1\/3&#8243;][vc_single_image image=\u00bb2769&#8243; img_size=\u00bbfull\u00bb alignment=\u00bbcenter\u00bb onclick=\u00bbcustom_link\u00bb css=\u00bb.vc_custom_1738273867562{padding-right: 10px !important;padding-left: 10px !important;}\u00bb link=\u00bbhttps:\/\/monserratguerrero.com\/recepcionfiesta\/\u00bb][vc_column_text css=\u00bb.vc_custom_1738268754724{padding-right: 40px !important;padding-left: 40px !important;}\u00bb]<\/p>\n<p style=\"text-align: center;\"><strong>Recepci\u00f3n y Fiesta<\/strong><\/p>\n<p>La recepci\u00f3n es el momento en que la celebraci\u00f3n toma vida. Aqu\u00ed podr\u00e1s ver c\u00f3mo las parejas y sus invitados disfrutan no solo de la fiesta, sino tambi\u00e9n de un banquete cuidadosamente preparado. Capturamos la alegr\u00eda, la m\u00fasica, el baile y los momentos compartidos en la mesa, donde cada detalle est\u00e1 dise\u00f1ado para deleitar a los sentidos.[\/vc_column_text][\/vc_column][vc_column width=\u00bb1\/3&#8243;][vc_single_image image=\u00bb2771&#8243; img_size=\u00bbfull\u00bb add_caption=\u00bbyes\u00bb alignment=\u00bbcenter\u00bb onclick=\u00bbcustom_link\u00bb css=\u00bb.vc_custom_1738273872694{padding-right: 10px !important;padding-left: 10px !important;}\u00bb link=\u00bbhttps:\/\/monserratguerrero.com\/decodiseno\/\u00bb][vc_column_text css=\u00bb.vc_custom_1738268762457{padding-right: 60px !important;padding-left: 40px !important;}\u00bb]<\/p>\n<p style=\"text-align: center;\"><strong>Decoraci\u00f3n y Dise\u00f1o<\/strong><\/p>\n<p>Cada detalle cuenta. En esta secci\u00f3n, te mostramos la magia de la decoraci\u00f3n y el dise\u00f1o, donde cada rinc\u00f3n refleja el estilo y personalidad de nuestras parejas. Desde arreglos florales hasta mesas perfectamente ambientadas, cuidamos cada aspecto para crear espacios memorables.[\/vc_column_text][\/vc_column][\/vc_row]<\/p>\n<\/div>","protected":false},"excerpt":{"rendered":"<p>[vc_row full_width=\u00bbstretch_row\u00bb content_placement=\u00bbbottom\u00bb parallax=\u00bbcontent-moving\u00bb parallax_image=\u00bb3168&#8243; css=\u00bb.vc_custom_1770852623163{margin-top: 0px !important;margin-bottom: 0px !important;padding-top: 200px !important;padding-bottom: 200px !important;}\u00bb][vc_column][\/vc_column][\/vc_row][vc_row][vc_column][vc_column_text css=\u00bb\u00bb] Cada boda que planeamos es \u00fanica, dise\u00f1ada con pasi\u00f3n y atenci\u00f3n a cada detalle para [&hellip;]<\/p>\n","protected":false},"author":1,"featured_media":0,"parent":0,"menu_order":0,"comment_status":"closed","ping_status":"closed","template":"page-full.php","meta":{"_joinchat":[],"footnotes":""},"class_list":["post-637","page","type-page","status-publish","hentry"],"yoast_head":"<!-- This site is optimized with the Yoast SEO plugin v26.9 - https:\/\/yoast.com\/product\/yoast-seo-wordpress\/ -->\n<title>Portafolio - Monserrat Guerrero - Wedding Planner Creamos bodas en San Miguel de Allende<\/title>\n<meta name=\"description\" content=\"Dise\u00f1amos experiencias en locaciones emblem\u00e1ticas en San Miguel de Allende, nuestros servicios engloban lo necesario para tu boda\" \/>\n<meta name=\"robots\" content=\"index, follow, max-snippet:-1, max-image-preview:large, max-video-preview:-1\" \/>\n<link rel=\"canonical\" href=\"https:\/\/monserratguerrero.com\/es\/portafolio\/\" \/>\n<meta property=\"og:locale\" content=\"es_ES\" \/>\n<meta property=\"og:type\" content=\"article\" \/>\n<meta property=\"og:title\" content=\"Portafolio - Monserrat Guerrero - Wedding Planner Creamos bodas en San Miguel de Allende\" \/>\n<meta property=\"og:description\" content=\"Dise\u00f1amos experiencias en locaciones emblem\u00e1ticas en San Miguel de Allende, nuestros servicios engloban lo necesario para tu boda\" \/>\n<meta property=\"og:url\" content=\"https:\/\/monserratguerrero.com\/es\/portafolio\/\" \/>\n<meta property=\"og:site_name\" content=\"Monserrat Guerrero - Wedding Planner\" \/>\n<meta property=\"article:publisher\" content=\"https:\/\/www.facebook.com\/MonserratGuerreroWP\/\" \/>\n<meta property=\"article:modified_time\" content=\"2026-02-11T23:30:34+00:00\" \/>\n<meta name=\"twitter:card\" content=\"summary_large_image\" \/>\n<meta name=\"twitter:label1\" content=\"Tiempo de lectura\" \/>\n\t<meta name=\"twitter:data1\" content=\"4 minutos\" \/>\n<script type=\"application\/ld+json\" class=\"yoast-schema-graph\">{\"@context\":\"https:\/\/schema.org\",\"@graph\":[{\"@type\":\"WebPage\",\"@id\":\"https:\/\/monserratguerrero.com\/es\/portafolio\/\",\"url\":\"https:\/\/monserratguerrero.com\/es\/portafolio\/\",\"name\":\"Portafolio - Monserrat Guerrero - Wedding Planner Creamos bodas en San Miguel de Allende\",\"isPartOf\":{\"@id\":\"https:\/\/monserratguerrero.com\/es\/#website\"},\"datePublished\":\"2017-01-24T18:57:48+00:00\",\"dateModified\":\"2026-02-11T23:30:34+00:00\",\"description\":\"Dise\u00f1amos experiencias en locaciones emblem\u00e1ticas en San Miguel de Allende, nuestros servicios engloban lo necesario para tu boda\",\"breadcrumb\":{\"@id\":\"https:\/\/monserratguerrero.com\/es\/portafolio\/#breadcrumb\"},\"inLanguage\":\"es\",\"potentialAction\":[{\"@type\":\"ReadAction\",\"target\":[\"https:\/\/monserratguerrero.com\/es\/portafolio\/\"]}]},{\"@type\":\"BreadcrumbList\",\"@id\":\"https:\/\/monserratguerrero.com\/es\/portafolio\/#breadcrumb\",\"itemListElement\":[{\"@type\":\"ListItem\",\"position\":1,\"name\":\"Portada\",\"item\":\"https:\/\/monserratguerrero.com\/es\/\"},{\"@type\":\"ListItem\",\"position\":2,\"name\":\"Portafolio\"}]},{\"@type\":\"WebSite\",\"@id\":\"https:\/\/monserratguerrero.com\/es\/#website\",\"url\":\"https:\/\/monserratguerrero.com\/es\/\",\"name\":\"Monserrat Guerrero - Wedding Planner\",\"description\":\"Wedding Planner\",\"publisher\":{\"@id\":\"https:\/\/monserratguerrero.com\/es\/#organization\"},\"potentialAction\":[{\"@type\":\"SearchAction\",\"target\":{\"@type\":\"EntryPoint\",\"urlTemplate\":\"https:\/\/monserratguerrero.com\/es\/?s={search_term_string}\"},\"query-input\":{\"@type\":\"PropertyValueSpecification\",\"valueRequired\":true,\"valueName\":\"search_term_string\"}}],\"inLanguage\":\"es\"},{\"@type\":\"Organization\",\"@id\":\"https:\/\/monserratguerrero.com\/es\/#organization\",\"name\":\"Monserrat Guerrero - Wedding Planner\",\"url\":\"https:\/\/monserratguerrero.com\/es\/\",\"logo\":{\"@type\":\"ImageObject\",\"inLanguage\":\"es\",\"@id\":\"https:\/\/monserratguerrero.com\/es\/#\/schema\/logo\/image\/\",\"url\":\"https:\/\/monserratguerrero.com\/wp-content\/uploads\/2025\/03\/Logo-MGWP.jpg\",\"contentUrl\":\"https:\/\/monserratguerrero.com\/wp-content\/uploads\/2025\/03\/Logo-MGWP.jpg\",\"width\":1080,\"height\":1920,\"caption\":\"Monserrat Guerrero - Wedding Planner\"},\"image\":{\"@id\":\"https:\/\/monserratguerrero.com\/es\/#\/schema\/logo\/image\/\"},\"sameAs\":[\"https:\/\/www.facebook.com\/MonserratGuerreroWP\/\",\"https:\/\/www.instagram.com\/monserratguerreroweddings\/\",\"https:\/\/g.co\/kgs\/toVgfwo\"]}]}<\/script>\n<!-- \/ Yoast SEO plugin. -->","yoast_head_json":{"title":"Portafolio - Monserrat Guerrero - Wedding Planner Creamos bodas en San Miguel de Allende","description":"Dise\u00f1amos experiencias en locaciones emblem\u00e1ticas en San Miguel de Allende, nuestros servicios engloban lo necesario para tu boda","robots":{"index":"index","follow":"follow","max-snippet":"max-snippet:-1","max-image-preview":"max-image-preview:large","max-video-preview":"max-video-preview:-1"},"canonical":"https:\/\/monserratguerrero.com\/es\/portafolio\/","og_locale":"es_ES","og_type":"article","og_title":"Portafolio - Monserrat Guerrero - Wedding Planner Creamos bodas en San Miguel de Allende","og_description":"Dise\u00f1amos experiencias en locaciones emblem\u00e1ticas en San Miguel de Allende, nuestros servicios engloban lo necesario para tu boda","og_url":"https:\/\/monserratguerrero.com\/es\/portafolio\/","og_site_name":"Monserrat Guerrero - Wedding Planner","article_publisher":"https:\/\/www.facebook.com\/MonserratGuerreroWP\/","article_modified_time":"2026-02-11T23:30:34+00:00","twitter_card":"summary_large_image","twitter_misc":{"Tiempo de lectura":"4 minutos"},"schema":{"@context":"https:\/\/schema.org","@graph":[{"@type":"WebPage","@id":"https:\/\/monserratguerrero.com\/es\/portafolio\/","url":"https:\/\/monserratguerrero.com\/es\/portafolio\/","name":"Portafolio - Monserrat Guerrero - Wedding Planner Creamos bodas en San Miguel de Allende","isPartOf":{"@id":"https:\/\/monserratguerrero.com\/es\/#website"},"datePublished":"2017-01-24T18:57:48+00:00","dateModified":"2026-02-11T23:30:34+00:00","description":"Dise\u00f1amos experiencias en locaciones emblem\u00e1ticas en San Miguel de Allende, nuestros servicios engloban lo necesario para tu boda","breadcrumb":{"@id":"https:\/\/monserratguerrero.com\/es\/portafolio\/#breadcrumb"},"inLanguage":"es","potentialAction":[{"@type":"ReadAction","target":["https:\/\/monserratguerrero.com\/es\/portafolio\/"]}]},{"@type":"BreadcrumbList","@id":"https:\/\/monserratguerrero.com\/es\/portafolio\/#breadcrumb","itemListElement":[{"@type":"ListItem","position":1,"name":"Portada","item":"https:\/\/monserratguerrero.com\/es\/"},{"@type":"ListItem","position":2,"name":"Portafolio"}]},{"@type":"WebSite","@id":"https:\/\/monserratguerrero.com\/es\/#website","url":"https:\/\/monserratguerrero.com\/es\/","name":"Monserrat Guerrero - Wedding Planner","description":"Wedding Planner","publisher":{"@id":"https:\/\/monserratguerrero.com\/es\/#organization"},"potentialAction":[{"@type":"SearchAction","target":{"@type":"EntryPoint","urlTemplate":"https:\/\/monserratguerrero.com\/es\/?s={search_term_string}"},"query-input":{"@type":"PropertyValueSpecification","valueRequired":true,"valueName":"search_term_string"}}],"inLanguage":"es"},{"@type":"Organization","@id":"https:\/\/monserratguerrero.com\/es\/#organization","name":"Monserrat Guerrero - Wedding Planner","url":"https:\/\/monserratguerrero.com\/es\/","logo":{"@type":"ImageObject","inLanguage":"es","@id":"https:\/\/monserratguerrero.com\/es\/#\/schema\/logo\/image\/","url":"https:\/\/monserratguerrero.com\/wp-content\/uploads\/2025\/03\/Logo-MGWP.jpg","contentUrl":"https:\/\/monserratguerrero.com\/wp-content\/uploads\/2025\/03\/Logo-MGWP.jpg","width":1080,"height":1920,"caption":"Monserrat Guerrero - Wedding Planner"},"image":{"@id":"https:\/\/monserratguerrero.com\/es\/#\/schema\/logo\/image\/"},"sameAs":["https:\/\/www.facebook.com\/MonserratGuerreroWP\/","https:\/\/www.instagram.com\/monserratguerreroweddings\/","https:\/\/g.co\/kgs\/toVgfwo"]}]}},"_links":{"self":[{"href":"https:\/\/monserratguerrero.com\/es\/wp-json\/wp\/v2\/pages\/637","targetHints":{"allow":["GET"]}}],"collection":[{"href":"https:\/\/monserratguerrero.com\/es\/wp-json\/wp\/v2\/pages"}],"about":[{"href":"https:\/\/monserratguerrero.com\/es\/wp-json\/wp\/v2\/types\/page"}],"author":[{"embeddable":true,"href":"https:\/\/monserratguerrero.com\/es\/wp-json\/wp\/v2\/users\/1"}],"replies":[{"embeddable":true,"href":"https:\/\/monserratguerrero.com\/es\/wp-json\/wp\/v2\/comments?post=637"}],"version-history":[{"count":76,"href":"https:\/\/monserratguerrero.com\/es\/wp-json\/wp\/v2\/pages\/637\/revisions"}],"predecessor-version":[{"id":3170,"href":"https:\/\/monserratguerrero.com\/es\/wp-json\/wp\/v2\/pages\/637\/revisions\/3170"}],"wp:attachment":[{"href":"https:\/\/monserratguerrero.com\/es\/wp-json\/wp\/v2\/media?parent=637"}],"curies":[{"name":"wp","href":"https:\/\/api.w.org\/{rel}","templated":true}]}}